{"id":7659,"date":"2020-01-21T12:46:20","date_gmt":"2020-01-21T11:46:20","guid":{"rendered":"https:\/\/trans-nomad.com\/producto\/inscription-trans-nomad\/"},"modified":"2025-04-15T10:45:24","modified_gmt":"2025-04-15T08:45:24","slug":"inscription-trans-nomad","status":"publish","type":"product","link":"https:\/\/trans-nomad.com\/fr\/inscription\/inscription-trans-nomad\/","title":{"rendered":"Inscription Trans-Nomad 2024"},"content":{"rendered":"<div class=\"elementor-element elementor-element-473a8e3 elementor-column elementor-col-50 elementor-inner-column\" data-id=\"473a8e3\" data-element_type=\"column\">\n<div class=\"elementor-column-wrap  elementor-element-populated\">\n<div class=\"elementor-widget-wrap\">\n<div class=\"elementor-element elementor-element-ae03c6f elementor-icon-list--layout-traditional elementor-widget elementor-widget-icon-list\" data-id=\"ae03c6f\" data-element_type=\"widget\" data-widget_type=\"icon-list.default\">\n<div class=\"elementor-widget-container\">\n<ul class=\"elementor-icon-list-items\">\n<li class=\"elementor-icon-list-item\"><span class=\"elementor-icon-list-text\">5 nuits d\u2019HOTEL ***, chambre double avec salle de bain, lit individuel (du mercredi 30 septembre au dimanche 4 octobre, toutes les deux incluses).<\/span><\/li>\n<li class=\"elementor-icon-list-item\"><i class=\"fas fa-check\" aria-hidden=\"true\"><\/i> <span class=\"elementor-icon-list-text\">5 d\u00eeners et 5 petits d\u00e9jeuners self-service restaurant \u00e0 gastronomie locale (d\u00eener bienvenue du 30 septembre inclus, petits d\u00e9jeuners, d\u00eener du dernier jour et petit d\u00e9jeuner du 5 octobre).<\/span><\/li>\n<li class=\"elementor-icon-list-item\"><i class=\"fas fa-check\" aria-hidden=\"true\"><\/i> <span class=\"elementor-icon-list-text\">Pendant l\u2019\u00e9preuve: ravitaillements chauds avec des p\u00e2tes, jambon, fromage, fruits, fruits secs, chocolat, de l\u2019eau, des sels, des barres \u00e9nerg\u00e9tiques, etc. Pic-nique d\u2019apr\u00e8s-midi apr\u00e8s la course au Chill Area avec des produits locals.<\/span><\/li>\n<li class=\"elementor-icon-list-item\"><i class=\"fas fa-check\" aria-hidden=\"true\"><\/i> <span class=\"elementor-icon-list-text\">Chill area avec de la musique et zone bar avec de la bi\u00e8re locale.<\/span><\/li>\n<li class=\"elementor-icon-list-item\"><i class=\"fas fa-check\" aria-hidden=\"true\"><\/i> <span class=\"elementor-icon-list-text\">Bi\u00e8re Tronzadora gratuite ( 60 cl) en Chill area apr\u00e8s la course. Bienvenue l&rsquo;hydratation, faut pas se bourrer!<\/span><\/li>\n<li class=\"elementor-icon-list-item\"><i class=\"fas fa-check\" aria-hidden=\"true\"><\/i> <span class=\"elementor-icon-list-text\">Transfer en camionnette tous les jours avec des remorques pour les v\u00e9los. Service m\u00e9dical avec un docteur.<\/span><\/li>\n<li class=\"elementor-icon-list-item\"><i class=\"fas fa-check\" aria-hidden=\"true\"><\/i> <span class=\"elementor-icon-list-text\">\u00c9quipe de secours et infirmier sp\u00e9cialis\u00e9 en haute montagne avec des 4&#215;4 m\u00e9dicalis\u00e9s et infirmerie en zone paddock apr\u00e8s-course.<\/span><\/li>\n<li class=\"elementor-icon-list-item\"><i class=\"fas fa-check\" aria-hidden=\"true\"><\/i> <span class=\"elementor-icon-list-text\">Service de 15 guides &#8211; bike patrols exp\u00e9riment\u00e9s pendant la course pour garantir la s\u00e9curit\u00e9.<\/span><\/li>\n<li class=\"elementor-icon-list-item\"><i class=\"fas fa-check\" aria-hidden=\"true\"><\/i> <span class=\"elementor-icon-list-text\">Media team de vid\u00e9o et photographie professionnel de Trans-Nomad.<\/span><\/li>\n<li class=\"elementor-icon-list-item\"><i class=\"fas fa-check\" aria-hidden=\"true\"><\/i> <span class=\"elementor-icon-list-text\">Briefing tous les jours \u00e0 20:00 pour communiquer le plan de course, les horaires et des informations \u00e0 tenir en compte.<\/span><\/li>\n<\/ul>\n<\/div>\n<\/div>\n<\/div>\n<\/div>\n<\/div>\n<div class=\"elementor-element elementor-element-6267732 elementor-column elementor-col-50 elementor-inner-column\" data-id=\"6267732\" data-element_type=\"column\">\n<div class=\"elementor-column-wrap  elementor-element-populated\">\n<div class=\"elementor-widget-wrap\">\n<div class=\"elementor-element elementor-element-eb8a5fc elementor-icon-list--layout-traditional elementor-widget elementor-widget-icon-list\" data-id=\"eb8a5fc\" data-element_type=\"widget\" data-widget_type=\"icon-list.default\">\n<div class=\"elementor-widget-container\">\n<ul class=\"elementor-icon-list-items\">\n<li class=\"elementor-icon-list-item\"><i class=\"fas fa-check\" aria-hidden=\"true\"><\/i> <span class=\"elementor-icon-list-text\">Assurance d\u2019accidents.<\/span><\/li>\n<li class=\"elementor-icon-list-item\"><i class=\"fas fa-check\" aria-hidden=\"true\"><\/i> <span class=\"elementor-icon-list-text\">Transport de sacs d\u2019\u00e9quipage entre hotels (CAPPACIT\u00c9 MAXIMALE PERMISE: 80L)<\/span><\/li>\n<li class=\"elementor-icon-list-item\"><i class=\"fas fa-check\" aria-hidden=\"true\"><\/i> <span class=\"elementor-icon-list-text\">Service m\u00e9canique gratuit pour des r\u00e9glages basiques des v\u00e9los dans le paddok et dans le point de ravitaillement de l\u2019\u00e9tape. Les remplacements ou changements de composants sont exclus (\u00e7a doit se payer \u00e0 part).<\/span><\/li>\n<li class=\"elementor-icon-list-item\"><i class=\"fas fa-check\" aria-hidden=\"true\"><\/i> <span class=\"elementor-icon-list-text\">Zone pour laver les v\u00e9los et endroit s\u00e9curis\u00e9 pour garder les v\u00e9los.<\/span><\/li>\n<li class=\"elementor-icon-list-item\"><i class=\"fas fa-check\" aria-hidden=\"true\"><\/i> <span class=\"elementor-icon-list-text\">Chronom\u00e9trage avec le syst\u00e8me SPORTident et impression des r\u00e9sultats personnalis\u00e9s chaque jour de l\u2019\u00e9preuve.<\/span><\/li>\n<li class=\"elementor-icon-list-item\"><i class=\"fas fa-check\" aria-hidden=\"true\"><\/i> <span class=\"elementor-icon-list-text\">T-shirt officiel de Trans-Nomad.<\/span><\/li>\n<li class=\"elementor-icon-list-item\"><i class=\"fas fa-check\" aria-hidden=\"true\"><\/i> <span class=\"elementor-icon-list-text\">Secr\u00e9tariat de course au paddock avec des \u00e9crans de r\u00e9sultats et de l\u2019information sur la course,les horaires et les logements.<\/span><\/li>\n<li class=\"elementor-icon-list-item\"><i class=\"fas fa-check\" aria-hidden=\"true\"><\/i> <span class=\"elementor-icon-list-text\">Sac du coureur avec dossard personnalis\u00e9, chip SportIdent (rendu obligatoirement apr\u00e8s la course), verre r\u00e9utilisable pour les ravitaillements et cadeaux de nos sponsors et collaborateurs.<\/span><\/li>\n<li class=\"elementor-icon-list-item\"><i class=\"fas fa-check\" aria-hidden=\"true\"><\/i> <span class=\"elementor-icon-list-text\">F\u00eate finale dimanche 5 \u00e0 Castej\u00f3n de Sos avec remise de prix et tirage au sort de cadeaux des sponsors Trans-Nomad.<\/span><\/li>\n<li class=\"elementor-icon-list-item\"><i class=\"fas fa-check\" aria-hidden=\"true\"><\/i> <span class=\"elementor-icon-list-text\">Signalisation des liens et balisage des sections chronom\u00e9tr\u00e9es.<\/span><\/li>\n<li class=\"elementor-icon-list-item\"><i class=\"fas fa-check\" aria-hidden=\"true\"><\/i> <span class=\"elementor-icon-list-text\">Am\u00e9nagement de toutes les sections chronom\u00e9tr\u00e9es, nettoyage et retir\u00e9e de cailloux et v\u00e9g\u00f1etation, trail building pour une exp\u00e9rience unique. Chaque \u00e9dition de Trans-Nomad on r\u00e9cup\u00e8re plus de 50km de sentiers de haute montagne.<\/span><\/li>\n<\/ul>\n<\/div>\n<\/div>\n<\/div>\n<\/div>\n<\/div>\n","protected":false},"excerpt":{"rendered":"<p>5 nuits d\u2019HOTEL ***, chambre double avec salle de bain, lit individuel (du mercredi 30 septembre au dimanche 4 octobre, toutes les deux incluses). 5 d\u00eeners et 5 petits d\u00e9jeuners self-service restaurant \u00e0 gastronomie locale (d\u00eener bienvenue du 30 septembre inclus, petits d\u00e9jeuners, d\u00eener du dernier jour et petit d\u00e9jeuner du 5 octobre). Pendant l\u2019\u00e9preuve: [&hellip;]<\/p>\n","protected":false},"featured_media":0,"comment_status":"closed","ping_status":"closed","template":"","meta":{"site-sidebar-layout":"default","site-content-layout":"default","ast-site-content-layout":"","site-content-style":"default","site-sidebar-style":"default","ast-global-header-display":"","ast-banner-title-visibility":"","ast-main-header-display":"","ast-hfb-above-header-display":"","ast-hfb-below-header-display":"","ast-hfb-mobile-header-display":"","site-post-title":"","ast-breadcrumbs-content":"","ast-featured-img":"","footer-sml-layout":"","theme-transparent-header-meta":"default","adv-header-id-meta":"","stick-header-meta":"","header-above-stick-meta":"","header-main-stick-meta":"","header-below-stick-meta":"","astra-migrate-meta-layouts":"default","ast-page-background-enabled":"default","ast-page-background-meta":{"desktop":{"background-color":"var(--ast-global-color-4)","background-image":"","background-repeat":"repeat","background-position":"center center","background-size":"auto","background-attachment":"scroll","background-type":"","background-media":"","overlay-type":"","overlay-color":"","overlay-opacity":"","overlay-gradient":""},"tablet":{"background-color":"","background-image":"","background-repeat":"repeat","background-position":"center center","background-size":"auto","background-attachment":"scroll","background-type":"","background-media":"","overlay-type":"","overlay-color":"","overlay-opacity":"","overlay-gradient":""},"mobile":{"background-color":"","background-image":"","background-repeat":"repeat","background-position":"center center","background-size":"auto","background-attachment":"scroll","background-type":"","background-media":"","overlay-type":"","overlay-color":"","overlay-opacity":"","overlay-gradient":""}},"ast-content-background-meta":{"desktop":{"background-color":"var(--ast-global-color-5)","background-image":"","background-repeat":"repeat","background-position":"center center","background-size":"auto","background-attachment":"scroll","background-type":"","background-media":"","overlay-type":"","overlay-color":"","overlay-opacity":"","overlay-gradient":""},"tablet":{"background-color":"var(--ast-global-color-5)","background-image":"","background-repeat":"repeat","background-position":"center center","background-size":"auto","background-attachment":"scroll","background-type":"","background-media":"","overlay-type":"","overlay-color":"","overlay-opacity":"","overlay-gradient":""},"mobile":{"background-color":"var(--ast-global-color-5)","background-image":"","background-repeat":"repeat","background-position":"center center","background-size":"auto","background-attachment":"scroll","background-type":"","background-media":"","overlay-type":"","overlay-color":"","overlay-opacity":"","overlay-gradient":""}}},"product_brand":[],"product_cat":[139],"product_tag":[],"class_list":{"0":"post-7659","1":"product","2":"type-product","3":"status-publish","5":"product_cat-sin-categorizar-fr","6":"desktop-align-left","7":"tablet-align-left","8":"mobile-align-left","10":"first","11":"outofstock","12":"sold-individually","13":"taxable","14":"shipping-taxable","15":"purchasable","16":"product-type-simple"},"yoast_head":"<!-- This site is optimized with the Yoast SEO plugin v25.0 - https:\/\/yoast.com\/wordpress\/plugins\/seo\/ -->\n<title>Inscription Trans-Nomad 2024 | Trans-Nomad I La meilleure course de fond en aveugle des Pyr\u00e9n\u00e9es.<\/title>\n<meta name=\"robots\" content=\"noindex, follow\" \/>\n<meta property=\"og:locale\" content=\"fr_FR\" \/>\n<meta property=\"og:type\" content=\"article\" \/>\n<meta property=\"og:title\" content=\"Inscription Trans-Nomad 2024 | Trans-Nomad I La meilleure course de fond en aveugle des Pyr\u00e9n\u00e9es.\" \/>\n<meta property=\"og:description\" content=\"5 nuits d\u2019HOTEL ***, chambre double avec salle de bain, lit individuel (du mercredi 30 septembre au dimanche 4 octobre, toutes les deux incluses). 5 d\u00eeners et 5 petits d\u00e9jeuners self-service restaurant \u00e0 gastronomie locale (d\u00eener bienvenue du 30 septembre inclus, petits d\u00e9jeuners, d\u00eener du dernier jour et petit d\u00e9jeuner du 5 octobre). Pendant l\u2019\u00e9preuve: [&hellip;]\" \/>\n<meta property=\"og:url\" content=\"https:\/\/trans-nomad.com\/fr\/inscription\/inscription-trans-nomad\/\" \/>\n<meta property=\"og:site_name\" content=\"Trans-Nomad I La meilleure course de fond en aveugle des Pyr\u00e9n\u00e9es.\" \/>\n<meta property=\"article:publisher\" content=\"https:\/\/www.facebook.com\/TransNomadBaseCamp\/\" \/>\n<meta property=\"article:modified_time\" content=\"2025-04-15T08:45:24+00:00\" \/>\n<meta property=\"og:image\" content=\"https:\/\/trans-nomad.com\/wp-content\/uploads\/2020\/02\/logo-trans-nomad-orbea.png\" \/>\n\t<meta property=\"og:image:width\" content=\"160\" \/>\n\t<meta property=\"og:image:height\" content=\"90\" \/>\n\t<meta property=\"og:image:type\" content=\"image\/png\" \/>\n<meta name=\"twitter:card\" content=\"summary_large_image\" \/>\n<meta name=\"twitter:label1\" content=\"Dur\u00e9e de lecture estim\u00e9e\" \/>\n\t<meta name=\"twitter:data1\" content=\"2 minutes\" \/>\n<script type=\"application\/ld+json\" class=\"yoast-schema-graph\">{\"@context\":\"https:\/\/schema.org\",\"@graph\":[{\"@type\":\"WebPage\",\"@id\":\"https:\/\/trans-nomad.com\/fr\/inscription\/inscription-trans-nomad\/\",\"url\":\"https:\/\/trans-nomad.com\/fr\/inscription\/inscription-trans-nomad\/\",\"name\":\"Inscription Trans-Nomad 2024 | Trans-Nomad I La meilleure course de fond en aveugle des Pyr\u00e9n\u00e9es.\",\"isPartOf\":{\"@id\":\"https:\/\/trans-nomad.com\/fr\/#website\"},\"datePublished\":\"2020-01-21T11:46:20+00:00\",\"dateModified\":\"2025-04-15T08:45:24+00:00\",\"breadcrumb\":{\"@id\":\"https:\/\/trans-nomad.com\/fr\/inscription\/inscription-trans-nomad\/#breadcrumb\"},\"inLanguage\":\"fr-FR\",\"potentialAction\":[{\"@type\":\"ReadAction\",\"target\":[\"https:\/\/trans-nomad.com\/fr\/inscription\/inscription-trans-nomad\/\"]}]},{\"@type\":\"BreadcrumbList\",\"@id\":\"https:\/\/trans-nomad.com\/fr\/inscription\/inscription-trans-nomad\/#breadcrumb\",\"itemListElement\":[{\"@type\":\"ListItem\",\"position\":1,\"name\":\"Portada\",\"item\":\"https:\/\/trans-nomad.com\/fr\/inicio\/\"},{\"@type\":\"ListItem\",\"position\":2,\"name\":\"Produits\",\"item\":\"https:\/\/trans-nomad.com\/fr\/shop\/\"},{\"@type\":\"ListItem\",\"position\":3,\"name\":\"Inscription Trans-Nomad 2024\"}]},{\"@type\":\"WebSite\",\"@id\":\"https:\/\/trans-nomad.com\/fr\/#website\",\"url\":\"https:\/\/trans-nomad.com\/fr\/\",\"name\":\"Trans-Nomad I 2025. The best blind backcountry race in the Pyrenees\",\"description\":\"Trans-Nomad. Le meilleur de l&#039;aventure et de la comp\u00e9tition par \u00e9tapes dans les Pyr\u00e9n\u00e9es dans un style enduro backcountry.\",\"publisher\":{\"@id\":\"https:\/\/trans-nomad.com\/fr\/#organization\"},\"potentialAction\":[{\"@type\":\"SearchAction\",\"target\":{\"@type\":\"EntryPoint\",\"urlTemplate\":\"https:\/\/trans-nomad.com\/fr\/?s={search_term_string}\"},\"query-input\":{\"@type\":\"PropertyValueSpecification\",\"valueRequired\":true,\"valueName\":\"search_term_string\"}}],\"inLanguage\":\"fr-FR\"},{\"@type\":\"Organization\",\"@id\":\"https:\/\/trans-nomad.com\/fr\/#organization\",\"name\":\"Trans-Nomad\",\"url\":\"https:\/\/trans-nomad.com\/fr\/\",\"logo\":{\"@type\":\"ImageObject\",\"inLanguage\":\"fr-FR\",\"@id\":\"https:\/\/trans-nomad.com\/fr\/#\/schema\/logo\/image\/\",\"url\":\"https:\/\/trans-nomad.com\/wp-content\/uploads\/2020\/02\/logo-trans-nomad-orbea.png\",\"contentUrl\":\"https:\/\/trans-nomad.com\/wp-content\/uploads\/2020\/02\/logo-trans-nomad-orbea.png\",\"width\":160,\"height\":90,\"caption\":\"Trans-Nomad\"},\"image\":{\"@id\":\"https:\/\/trans-nomad.com\/fr\/#\/schema\/logo\/image\/\"},\"sameAs\":[\"https:\/\/www.facebook.com\/TransNomadBaseCamp\/\",\"https:\/\/www.instagram.com\/transnomad\/\",\"https:\/\/www.youtube.com\/channel\/UC-RDOWWyDat6MulwPOtKYmQ\"]}]}<\/script>\n<!-- \/ Yoast SEO plugin. -->","yoast_head_json":{"title":"Inscription Trans-Nomad 2024 | Trans-Nomad I La meilleure course de fond en aveugle des Pyr\u00e9n\u00e9es.","robots":{"index":"noindex","follow":"follow"},"og_locale":"fr_FR","og_type":"article","og_title":"Inscription Trans-Nomad 2024 | Trans-Nomad I La meilleure course de fond en aveugle des Pyr\u00e9n\u00e9es.","og_description":"5 nuits d\u2019HOTEL ***, chambre double avec salle de bain, lit individuel (du mercredi 30 septembre au dimanche 4 octobre, toutes les deux incluses). 5 d\u00eeners et 5 petits d\u00e9jeuners self-service restaurant \u00e0 gastronomie locale (d\u00eener bienvenue du 30 septembre inclus, petits d\u00e9jeuners, d\u00eener du dernier jour et petit d\u00e9jeuner du 5 octobre). Pendant l\u2019\u00e9preuve: [&hellip;]","og_url":"https:\/\/trans-nomad.com\/fr\/inscription\/inscription-trans-nomad\/","og_site_name":"Trans-Nomad I La meilleure course de fond en aveugle des Pyr\u00e9n\u00e9es.","article_publisher":"https:\/\/www.facebook.com\/TransNomadBaseCamp\/","article_modified_time":"2025-04-15T08:45:24+00:00","og_image":[{"width":160,"height":90,"url":"https:\/\/trans-nomad.com\/wp-content\/uploads\/2020\/02\/logo-trans-nomad-orbea.png","type":"image\/png"}],"twitter_card":"summary_large_image","twitter_misc":{"Dur\u00e9e de lecture estim\u00e9e":"2 minutes"},"schema":{"@context":"https:\/\/schema.org","@graph":[{"@type":"WebPage","@id":"https:\/\/trans-nomad.com\/fr\/inscription\/inscription-trans-nomad\/","url":"https:\/\/trans-nomad.com\/fr\/inscription\/inscription-trans-nomad\/","name":"Inscription Trans-Nomad 2024 | Trans-Nomad I La meilleure course de fond en aveugle des Pyr\u00e9n\u00e9es.","isPartOf":{"@id":"https:\/\/trans-nomad.com\/fr\/#website"},"datePublished":"2020-01-21T11:46:20+00:00","dateModified":"2025-04-15T08:45:24+00:00","breadcrumb":{"@id":"https:\/\/trans-nomad.com\/fr\/inscription\/inscription-trans-nomad\/#breadcrumb"},"inLanguage":"fr-FR","potentialAction":[{"@type":"ReadAction","target":["https:\/\/trans-nomad.com\/fr\/inscription\/inscription-trans-nomad\/"]}]},{"@type":"BreadcrumbList","@id":"https:\/\/trans-nomad.com\/fr\/inscription\/inscription-trans-nomad\/#breadcrumb","itemListElement":[{"@type":"ListItem","position":1,"name":"Portada","item":"https:\/\/trans-nomad.com\/fr\/inicio\/"},{"@type":"ListItem","position":2,"name":"Produits","item":"https:\/\/trans-nomad.com\/fr\/shop\/"},{"@type":"ListItem","position":3,"name":"Inscription Trans-Nomad 2024"}]},{"@type":"WebSite","@id":"https:\/\/trans-nomad.com\/fr\/#website","url":"https:\/\/trans-nomad.com\/fr\/","name":"Trans-Nomad I 2025. The best blind backcountry race in the Pyrenees","description":"Trans-Nomad. Le meilleur de l&#039;aventure et de la comp\u00e9tition par \u00e9tapes dans les Pyr\u00e9n\u00e9es dans un style enduro backcountry.","publisher":{"@id":"https:\/\/trans-nomad.com\/fr\/#organization"},"potentialAction":[{"@type":"SearchAction","target":{"@type":"EntryPoint","urlTemplate":"https:\/\/trans-nomad.com\/fr\/?s={search_term_string}"},"query-input":{"@type":"PropertyValueSpecification","valueRequired":true,"valueName":"search_term_string"}}],"inLanguage":"fr-FR"},{"@type":"Organization","@id":"https:\/\/trans-nomad.com\/fr\/#organization","name":"Trans-Nomad","url":"https:\/\/trans-nomad.com\/fr\/","logo":{"@type":"ImageObject","inLanguage":"fr-FR","@id":"https:\/\/trans-nomad.com\/fr\/#\/schema\/logo\/image\/","url":"https:\/\/trans-nomad.com\/wp-content\/uploads\/2020\/02\/logo-trans-nomad-orbea.png","contentUrl":"https:\/\/trans-nomad.com\/wp-content\/uploads\/2020\/02\/logo-trans-nomad-orbea.png","width":160,"height":90,"caption":"Trans-Nomad"},"image":{"@id":"https:\/\/trans-nomad.com\/fr\/#\/schema\/logo\/image\/"},"sameAs":["https:\/\/www.facebook.com\/TransNomadBaseCamp\/","https:\/\/www.instagram.com\/transnomad\/","https:\/\/www.youtube.com\/channel\/UC-RDOWWyDat6MulwPOtKYmQ"]}]}},"_links":{"self":[{"href":"https:\/\/trans-nomad.com\/fr\/wp-json\/wp\/v2\/product\/7659","targetHints":{"allow":["GET"]}}],"collection":[{"href":"https:\/\/trans-nomad.com\/fr\/wp-json\/wp\/v2\/product"}],"about":[{"href":"https:\/\/trans-nomad.com\/fr\/wp-json\/wp\/v2\/types\/product"}],"replies":[{"embeddable":true,"href":"https:\/\/trans-nomad.com\/fr\/wp-json\/wp\/v2\/comments?post=7659"}],"version-history":[{"count":3,"href":"https:\/\/trans-nomad.com\/fr\/wp-json\/wp\/v2\/product\/7659\/revisions"}],"predecessor-version":[{"id":13498,"href":"https:\/\/trans-nomad.com\/fr\/wp-json\/wp\/v2\/product\/7659\/revisions\/13498"}],"wp:attachment":[{"href":"https:\/\/trans-nomad.com\/fr\/wp-json\/wp\/v2\/media?parent=7659"}],"wp:term":[{"taxonomy":"product_brand","embeddable":true,"href":"https:\/\/trans-nomad.com\/fr\/wp-json\/wp\/v2\/product_brand?post=7659"},{"taxonomy":"product_cat","embeddable":true,"href":"https:\/\/trans-nomad.com\/fr\/wp-json\/wp\/v2\/product_cat?post=7659"},{"taxonomy":"product_tag","embeddable":true,"href":"https:\/\/trans-nomad.com\/fr\/wp-json\/wp\/v2\/product_tag?post=7659"}],"curies":[{"name":"wp","href":"https:\/\/api.w.org\/{rel}","templated":true}]}}