{"id":9360,"date":"2020-03-10T13:46:17","date_gmt":"2020-03-10T12:46:17","guid":{"rendered":"https:\/\/trans-nomad.com\/?page_id=9360"},"modified":"2025-04-06T18:54:50","modified_gmt":"2025-04-06T16:54:50","slug":"conditions-de-vente","status":"publish","type":"page","link":"https:\/\/trans-nomad.com\/fr\/conditions-de-vente\/","title":{"rendered":"Conditions de vente"},"content":{"rendered":"<p><strong>Description du voyage<\/strong><\/p>\n<p><span style=\"font-weight: 400;\">Trans-Nomad est un voyage combin\u00e9 qui, en plus de l\u2019\u00e9v\u00e9nement comp\u00e9titif, propose des services inclus dans l\u2019inscription pour les participants tels que l\u2019h\u00e9bergement, le transport et d\u2019autres services compl\u00e9mentaires.<\/span><\/p>\n<p><span style=\"font-weight: 400;\">Le voyage combin\u00e9 avec h\u00e9bergement et transport est propos\u00e9 par l\u2019agence de voyages Trans-Nomad Enduro Base Camp Adventure, enregistr\u00e9e sous le nom de Trans-Nomad SL avec son si\u00e8ge social \u00e0 Plaza Unidad Nacional, 7, 7 b, 22001 (Huesca), num\u00e9ro d\u2019identification fiscale (CIF) B94148897, et inscrite au Registre du Tourisme d\u2019Aragon sous le code d\u2019identification CAA 430. Elle est conforme \u00e0 la r\u00e9glementation en vigueur.<\/span><\/p>\n<p><strong>R\u00e9glementation juridique applicable<\/strong><\/p>\n<p><span style=\"font-weight: 400;\">Ces Conditions G\u00e9n\u00e9rales sont soumises aux dispositions du Texte Refondu de la Loi G\u00e9n\u00e9rale pour la D\u00e9fense des Consommateurs et Utilisateurs et autres Lois compl\u00e9mentaires (D\u00e9cret Royal L\u00e9gislatif 1\/2007 du 16 novembre ; Journal Officiel de l\u2019\u00c9tat (B.O.E.) 30-11-2007), Loi 7\/1998 du 13 avril sur les Conditions G\u00e9n\u00e9rales de Contrat (14-4-98), et autres dispositions applicables.<\/span><\/p>\n<p><span style=\"font-weight: 400;\">Ces Conditions G\u00e9n\u00e9rales seront incorpor\u00e9es, sign\u00e9es par les parties contractantes, \u00e0 tous les contrats de voyages combin\u00e9s dont l\u2019objet sont les programmes\/offres contenus dans le programme\/brochure. Elles lient les parties, ainsi que les conditions particuli\u00e8res convenues dans le contrat ou figurant dans la documentation du voyage fournie simultan\u00e9ment lors de la souscription du contrat.<\/span><\/p>\n<p><strong>Frais non remboursables<\/strong><\/p>\n<p><span style=\"font-weight: 400;\">Tous les frais d\u00e9coulant des avances faites par l\u2019organisation de l\u2019\u00e9v\u00e9nement aux fournisseurs, tels que l\u2019h\u00e9bergement, les repas, le transport et les mat\u00e9riaux essentiels et les services de gestion n\u00e9cessaires \u00e0 la tenue de l\u2019\u00e9v\u00e9nement, sont consid\u00e9r\u00e9s comme non remboursables. Dans ce cas, ils doivent \u00eatre enti\u00e8rement support\u00e9s par le voyageur et peuvent repr\u00e9senter jusqu\u2019\u00e0 25 % du montant total de l\u2019inscription.<\/span><\/p>\n<p><strong>Annulation par le client<\/strong><\/p>\n<p><span style=\"font-weight: 400;\">Les inscriptions sont nominatives et ne peuvent pas \u00eatre transf\u00e9r\u00e9es \u00e0 d\u2019autres coureurs sans autorisation de l\u2019organisation. Si un participant ne peut pas participer \u00e0 l\u2019\u00e9preuve pour diverses raisons (m\u00e9dicales, familiales, etc.), la politique d\u2019annulation est la suivante :<\/span><\/p>\n<ul>\n<li style=\"font-weight: 400;\" aria-level=\"1\"><span style=\"font-weight: 400;\">Pour les annulations demand\u00e9es avant le 1er septembre 2025, l\u2019organisation remboursera 75 % du montant de l\u2019inscription.<\/span><\/li>\n<li style=\"font-weight: 400;\" aria-level=\"1\"><span style=\"font-weight: 400;\">\u00c0 partir du 1er septembre 2025, aucun remboursement ne sera effectu\u00e9 pour les inscriptions. Aucune exception.<\/span><\/li>\n<\/ul>\n<p><span style=\"font-weight: 400;\">L\u2019organisation recommande aux coureurs de souscrire une assurance annulation couvrant \u00e0 la fois le voyage et le remboursement de l\u2019inscription pour des raisons m\u00e9dicales ou familiales. Les participants doivent souscrire cette assurance s\u00e9par\u00e9ment, car elle n\u2019est pas incluse dans l\u2019inscription \u00e0 l\u2019\u00e9preuve.<\/span><\/p>\n<p><strong>Abandon<\/strong><\/p>\n<p><span style=\"font-weight: 400;\">En cas d\u2019abandon d\u2019un coureur, le montant pay\u00e9 ne sera pas rembours\u00e9. Cependant, le coureur peut continuer \u00e0 utiliser les installations et tous les services contract\u00e9s jusqu\u2019\u00e0 la fin de l\u2019\u00e9v\u00e9nement.<\/span><\/p>\n<p><span style=\"font-weight: 400;\">Sauf en cas de blessure, un coureur ne peut abandonner qu\u2019\u00e0 la fin d\u2019une section, o\u00f9 il doit informer le responsable pour notifier l\u2019organisation de la course. \u00c0 partir du point de ravitaillement accessible en v\u00e9hicule, le retour du coureur vers l\u2019h\u00e9bergement sera organis\u00e9.<\/span><\/p>\n<p><strong>Annulation de l\u2019\u00e9v\u00e9nement par l\u2019organisation<\/strong><\/p>\n<p><span style=\"font-weight: 400;\">L\u2019organisation se r\u00e9serve le droit d\u2019annuler l\u2019\u00e9v\u00e9nement, certaines journ\u00e9es ou sections comp\u00e9titives, si cela est d\u00fb \u00e0 des conditions climatiques mettant en danger les coureurs ou pour des raisons techniques ou des urgences ind\u00e9pendantes de l\u2019organisation.<\/span><\/p>\n<p><span style=\"font-weight: 400;\">La communication de l\u2019annulation des \u00e9tapes se fera lors du briefing de 20h00 chaque jour pr\u00e9c\u00e9dant l\u2019\u00e9tape du lendemain.<\/span><\/p>\n<p><span style=\"font-weight: 400;\">L\u2019organisation pourra annuler l\u2019\u00e9v\u00e9nement pour des raisons de force majeure, et les inscrits auront droit au remboursement des sommes vers\u00e9es, \u00e0 l\u2019exception des frais de gestion et des frais qui auraient \u00e9t\u00e9 communiqu\u00e9s comme non remboursables (paiements de certains h\u00e9bergements, transports, mat\u00e9riaux, etc.).<\/span><\/p>\n<p><span style=\"font-weight: 400;\">Dans ce cas, une communication \u00e9crite sera envoy\u00e9e \u00e0 l\u2019adresse e-mail fournie par les inscrits lors de leur enregistrement, expliquant les raisons de l\u2019annulation et les frais non remboursables.<\/span><\/p>\n<p><span style=\"font-weight: 400;\">En aucun cas, l\u2019annulation de l\u2019\u00e9v\u00e9nement n\u2019entra\u00eenera le remboursement d\u2019une somme sup\u00e9rieure au co\u00fbt de l\u2019\u00e9v\u00e9nement, ni n\u2019engagera l\u2019obligation d\u2019indemnisation de la part de l\u2019organisateur.<\/span><\/p>\n<p><strong>R\u00e9clamations et actions d\u00e9coulant de l\u2019inscription<\/strong><\/p>\n<p><span style=\"font-weight: 400;\">Le Contrat de Voyage Combin\u00e9 g\u00e9n\u00e9r\u00e9 par l\u2019inscription est r\u00e9gi par les accords entre les parties, les dispositions de ces Conditions G\u00e9n\u00e9rales et les dispositions du D\u00e9cret Royal L\u00e9gislatif 1\/2007 du 16 novembre. Trans Nomad SL n\u2019est affili\u00e9e \u00e0 aucun syst\u00e8me d\u2019arbitrage des associations de consommateurs.<\/span><\/p>\n<p><span style=\"font-weight: 400;\">En cas de r\u00e9clamations administratives, celles-ci doivent \u00eatre adress\u00e9es \u00e0 la Diputaci\u00f3n General de Huesca, l\u2019organisme comp\u00e9tent en mati\u00e8re de tourisme, \u00e9tant donn\u00e9 que le si\u00e8ge social de Trans Nomad SL est situ\u00e9 \u00e0 Huesca.<\/span><\/p>\n<p><span style=\"font-weight: 400;\">En ce qui concerne les actions judiciaires d\u00e9coulant du Contrat de Voyage Combin\u00e9, de telles actions sont soumises \u00e0 un d\u00e9lai de prescription de deux ans \u00e0 compter du jour o\u00f9 le voyage se termine, avec soumission expresse \u00e0 la juridiction des tribunaux de Huesca.<\/span><\/p>\n<p><strong>Responsabilit\u00e9 et limitation de responsabilit\u00e9<\/strong><\/p>\n<p><span style=\"font-weight: 400;\">La responsabilit\u00e9 de Trans Nomad en cas de dommages mat\u00e9riels ou de blessures est r\u00e9glement\u00e9e conform\u00e9ment aux accords internationaux d\u00e9crits. Cette responsabilit\u00e9 ne peut jamais d\u00e9passer les limites \u00e9tablies dans ces accords internationaux et r\u00e9glementations.<\/span><\/p>\n<p><span style=\"font-weight: 400;\">Trans Nomad dispose d\u2019une assurance responsabilit\u00e9 civile, adapt\u00e9e aux dispositions de la Communaut\u00e9 autonome d\u2019Aragon pour l\u2019exercice de l\u2019activit\u00e9 d\u2019agence de voyages.<\/span><\/p>\n<p><span style=\"font-weight: 400;\">En aucun cas, Trans Nomad ne peut \u00eatre tenu responsable des dommages caus\u00e9s par l\u2019action non autoris\u00e9e du client, ni des dommages caus\u00e9s par des tiers, des catastrophes naturelles ou des \u00e9v\u00e9nements sur lesquels Trans Nomad n\u2019a aucune influence (y compris les gr\u00e8ves, les changements d\u2019horaire, etc.).<\/span><\/p>\n<p><span style=\"font-weight: 400;\">Dans le cadre de l\u2019exercice de la diligence raisonnable, Trans Nomad SL ne peut \u00eatre tenu responsable que de la planification consciencieuse du voyage, de la s\u00e9lection et de la supervision soign\u00e9es des prestataires de services, de l\u2019exactitude des descriptions de services et de la fourniture correcte des services conform\u00e9ment au contrat. Trans Nomad n\u2019est pas responsable des manquements des prestataires de services.<\/span><\/p>\n<p>Limitation de responsabilit\u00e9<\/p>\n<p><span style=\"font-weight: 400;\">Tous les membres du personnel de Trans Nomad ne sont pas propri\u00e9taires ni n\u2019exploitent d\u2019entit\u00e9 fournissant ou fournira des produits ou services pour le voyage. Ils contractent des transports (bus, fourgonnettes, etc.), des h\u00e9bergements, des restaurants, des transferts et d\u2019autres services aupr\u00e8s de divers prestataires ind\u00e9pendants. Toutes ces personnes et entit\u00e9s sont des entrepreneurs ind\u00e9pendants. Par cons\u00e9quent, Trans Nomad SL n\u2019est pas responsable des actes n\u00e9gligents ou intentionnels de ces personnes ou entit\u00e9s, ni de ceux des tiers.<\/span><\/p>\n<p><span style=\"font-weight: 400;\">En outre, et sans limitations, Trans Nomad n\u2019est pas responsable des blessures, pertes, d\u00e9c\u00e8s, d\u00e9sagr\u00e9ments, retards ou dommages mat\u00e9riels<\/span><\/p>\n","protected":false},"excerpt":{"rendered":"<p>Description du voyage Trans-Nomad est un voyage combin\u00e9 qui, en plus de l\u2019\u00e9v\u00e9nement comp\u00e9titif, propose des services inclus dans l\u2019inscription pour les participants tels que l\u2019h\u00e9bergement, le transport et d\u2019autres services compl\u00e9mentaires. Le voyage combin\u00e9 avec h\u00e9bergement et transport est propos\u00e9 par l\u2019agence de voyages Trans-Nomad Enduro Base Camp Adventure, enregistr\u00e9e sous le nom de [&hellip;]<\/p>\n","protected":false},"author":1,"featured_media":0,"parent":0,"menu_order":0,"comment_status":"closed","ping_status":"closed","template":"","meta":{"site-sidebar-layout":"default","site-content-layout":"default","ast-site-content-layout":"","site-content-style":"default","site-sidebar-style":"default","ast-global-header-display":"","ast-banner-title-visibility":"","ast-main-header-display":"","ast-hfb-above-header-display":"","ast-hfb-below-header-display":"","ast-hfb-mobile-header-display":"","site-post-title":"","ast-breadcrumbs-content":"","ast-featured-img":"","footer-sml-layout":"","theme-transparent-header-meta":"default","adv-header-id-meta":"","stick-header-meta":"","header-above-stick-meta":"","header-main-stick-meta":"","header-below-stick-meta":"","astra-migrate-meta-layouts":"default","ast-page-background-enabled":"default","ast-page-background-meta":{"desktop":{"background-color":"var(--ast-global-color-4)","background-image":"","background-repeat":"repeat","background-position":"center center","background-size":"auto","background-attachment":"scroll","background-type":"","background-media":"","overlay-type":"","overlay-color":"","overlay-opacity":"","overlay-gradient":""},"tablet":{"background-color":"","background-image":"","background-repeat":"repeat","background-position":"center center","background-size":"auto","background-attachment":"scroll","background-type":"","background-media":"","overlay-type":"","overlay-color":"","overlay-opacity":"","overlay-gradient":""},"mobile":{"background-color":"","background-image":"","background-repeat":"repeat","background-position":"center center","background-size":"auto","background-attachment":"scroll","background-type":"","background-media":"","overlay-type":"","overlay-color":"","overlay-opacity":"","overlay-gradient":""}},"ast-content-background-meta":{"desktop":{"background-color":"var(--ast-global-color-5)","background-image":"","background-repeat":"repeat","background-position":"center center","background-size":"auto","background-attachment":"scroll","background-type":"","background-media":"","overlay-type":"","overlay-color":"","overlay-opacity":"","overlay-gradient":""},"tablet":{"background-color":"var(--ast-global-color-5)","background-image":"","background-repeat":"repeat","background-position":"center center","background-size":"auto","background-attachment":"scroll","background-type":"","background-media":"","overlay-type":"","overlay-color":"","overlay-opacity":"","overlay-gradient":""},"mobile":{"background-color":"var(--ast-global-color-5)","background-image":"","background-repeat":"repeat","background-position":"center center","background-size":"auto","background-attachment":"scroll","background-type":"","background-media":"","overlay-type":"","overlay-color":"","overlay-opacity":"","overlay-gradient":""}},"footnotes":""},"class_list":["post-9360","page","type-page","status-publish","hentry"],"yoast_head":"<!-- This site is optimized with the Yoast SEO plugin v25.0 - https:\/\/yoast.com\/wordpress\/plugins\/seo\/ -->\n<title>Conditions de vente | Trans-Nomad I La meilleure course de fond en aveugle des Pyr\u00e9n\u00e9es.<\/title>\n<meta name=\"robots\" content=\"noindex, follow\" \/>\n<meta property=\"og:locale\" content=\"fr_FR\" \/>\n<meta property=\"og:type\" content=\"article\" \/>\n<meta property=\"og:title\" content=\"Conditions de vente | Trans-Nomad I La meilleure course de fond en aveugle des Pyr\u00e9n\u00e9es.\" \/>\n<meta property=\"og:description\" content=\"Description du voyage Trans-Nomad est un voyage combin\u00e9 qui, en plus de l\u2019\u00e9v\u00e9nement comp\u00e9titif, propose des services inclus dans l\u2019inscription pour les participants tels que l\u2019h\u00e9bergement, le transport et d\u2019autres services compl\u00e9mentaires. Le voyage combin\u00e9 avec h\u00e9bergement et transport est propos\u00e9 par l\u2019agence de voyages Trans-Nomad Enduro Base Camp Adventure, enregistr\u00e9e sous le nom de [&hellip;]\" \/>\n<meta property=\"og:url\" content=\"https:\/\/trans-nomad.com\/fr\/conditions-de-vente\/\" \/>\n<meta property=\"og:site_name\" content=\"Trans-Nomad I La meilleure course de fond en aveugle des Pyr\u00e9n\u00e9es.\" \/>\n<meta property=\"article:publisher\" content=\"https:\/\/www.facebook.com\/TransNomadBaseCamp\/\" \/>\n<meta property=\"article:modified_time\" content=\"2025-04-06T16:54:50+00:00\" \/>\n<meta property=\"og:image\" content=\"https:\/\/trans-nomad.com\/wp-content\/uploads\/2020\/02\/logo-trans-nomad-orbea.png\" \/>\n\t<meta property=\"og:image:width\" content=\"160\" \/>\n\t<meta property=\"og:image:height\" content=\"90\" \/>\n\t<meta property=\"og:image:type\" content=\"image\/png\" \/>\n<meta name=\"twitter:card\" content=\"summary_large_image\" \/>\n<meta name=\"twitter:label1\" content=\"Dur\u00e9e de lecture estim\u00e9e\" \/>\n\t<meta name=\"twitter:data1\" content=\"5 minutes\" \/>\n<script type=\"application\/ld+json\" class=\"yoast-schema-graph\">{\"@context\":\"https:\/\/schema.org\",\"@graph\":[{\"@type\":\"WebPage\",\"@id\":\"https:\/\/trans-nomad.com\/fr\/conditions-de-vente\/\",\"url\":\"https:\/\/trans-nomad.com\/fr\/conditions-de-vente\/\",\"name\":\"Conditions de vente | Trans-Nomad I La meilleure course de fond en aveugle des Pyr\u00e9n\u00e9es.\",\"isPartOf\":{\"@id\":\"https:\/\/trans-nomad.com\/fr\/#website\"},\"datePublished\":\"2020-03-10T12:46:17+00:00\",\"dateModified\":\"2025-04-06T16:54:50+00:00\",\"breadcrumb\":{\"@id\":\"https:\/\/trans-nomad.com\/fr\/conditions-de-vente\/#breadcrumb\"},\"inLanguage\":\"fr-FR\",\"potentialAction\":[{\"@type\":\"ReadAction\",\"target\":[\"https:\/\/trans-nomad.com\/fr\/conditions-de-vente\/\"]}]},{\"@type\":\"BreadcrumbList\",\"@id\":\"https:\/\/trans-nomad.com\/fr\/conditions-de-vente\/#breadcrumb\",\"itemListElement\":[{\"@type\":\"ListItem\",\"position\":1,\"name\":\"Portada\",\"item\":\"https:\/\/trans-nomad.com\/fr\/\"},{\"@type\":\"ListItem\",\"position\":2,\"name\":\"Conditions de vente\"}]},{\"@type\":\"WebSite\",\"@id\":\"https:\/\/trans-nomad.com\/fr\/#website\",\"url\":\"https:\/\/trans-nomad.com\/fr\/\",\"name\":\"Trans-Nomad I 2025. The best blind backcountry race in the Pyrenees\",\"description\":\"Trans-Nomad. Le meilleur de l&#039;aventure et de la comp\u00e9tition par \u00e9tapes dans les Pyr\u00e9n\u00e9es dans un style enduro backcountry.\",\"publisher\":{\"@id\":\"https:\/\/trans-nomad.com\/fr\/#organization\"},\"potentialAction\":[{\"@type\":\"SearchAction\",\"target\":{\"@type\":\"EntryPoint\",\"urlTemplate\":\"https:\/\/trans-nomad.com\/fr\/?s={search_term_string}\"},\"query-input\":{\"@type\":\"PropertyValueSpecification\",\"valueRequired\":true,\"valueName\":\"search_term_string\"}}],\"inLanguage\":\"fr-FR\"},{\"@type\":\"Organization\",\"@id\":\"https:\/\/trans-nomad.com\/fr\/#organization\",\"name\":\"Trans-Nomad\",\"url\":\"https:\/\/trans-nomad.com\/fr\/\",\"logo\":{\"@type\":\"ImageObject\",\"inLanguage\":\"fr-FR\",\"@id\":\"https:\/\/trans-nomad.com\/fr\/#\/schema\/logo\/image\/\",\"url\":\"https:\/\/trans-nomad.com\/wp-content\/uploads\/2020\/02\/logo-trans-nomad-orbea.png\",\"contentUrl\":\"https:\/\/trans-nomad.com\/wp-content\/uploads\/2020\/02\/logo-trans-nomad-orbea.png\",\"width\":160,\"height\":90,\"caption\":\"Trans-Nomad\"},\"image\":{\"@id\":\"https:\/\/trans-nomad.com\/fr\/#\/schema\/logo\/image\/\"},\"sameAs\":[\"https:\/\/www.facebook.com\/TransNomadBaseCamp\/\",\"https:\/\/www.instagram.com\/transnomad\/\",\"https:\/\/www.youtube.com\/channel\/UC-RDOWWyDat6MulwPOtKYmQ\"]}]}<\/script>\n<!-- \/ Yoast SEO plugin. -->","yoast_head_json":{"title":"Conditions de vente | Trans-Nomad I La meilleure course de fond en aveugle des Pyr\u00e9n\u00e9es.","robots":{"index":"noindex","follow":"follow"},"og_locale":"fr_FR","og_type":"article","og_title":"Conditions de vente | Trans-Nomad I La meilleure course de fond en aveugle des Pyr\u00e9n\u00e9es.","og_description":"Description du voyage Trans-Nomad est un voyage combin\u00e9 qui, en plus de l\u2019\u00e9v\u00e9nement comp\u00e9titif, propose des services inclus dans l\u2019inscription pour les participants tels que l\u2019h\u00e9bergement, le transport et d\u2019autres services compl\u00e9mentaires. Le voyage combin\u00e9 avec h\u00e9bergement et transport est propos\u00e9 par l\u2019agence de voyages Trans-Nomad Enduro Base Camp Adventure, enregistr\u00e9e sous le nom de [&hellip;]","og_url":"https:\/\/trans-nomad.com\/fr\/conditions-de-vente\/","og_site_name":"Trans-Nomad I La meilleure course de fond en aveugle des Pyr\u00e9n\u00e9es.","article_publisher":"https:\/\/www.facebook.com\/TransNomadBaseCamp\/","article_modified_time":"2025-04-06T16:54:50+00:00","og_image":[{"width":160,"height":90,"url":"https:\/\/trans-nomad.com\/wp-content\/uploads\/2020\/02\/logo-trans-nomad-orbea.png","type":"image\/png"}],"twitter_card":"summary_large_image","twitter_misc":{"Dur\u00e9e de lecture estim\u00e9e":"5 minutes"},"schema":{"@context":"https:\/\/schema.org","@graph":[{"@type":"WebPage","@id":"https:\/\/trans-nomad.com\/fr\/conditions-de-vente\/","url":"https:\/\/trans-nomad.com\/fr\/conditions-de-vente\/","name":"Conditions de vente | Trans-Nomad I La meilleure course de fond en aveugle des Pyr\u00e9n\u00e9es.","isPartOf":{"@id":"https:\/\/trans-nomad.com\/fr\/#website"},"datePublished":"2020-03-10T12:46:17+00:00","dateModified":"2025-04-06T16:54:50+00:00","breadcrumb":{"@id":"https:\/\/trans-nomad.com\/fr\/conditions-de-vente\/#breadcrumb"},"inLanguage":"fr-FR","potentialAction":[{"@type":"ReadAction","target":["https:\/\/trans-nomad.com\/fr\/conditions-de-vente\/"]}]},{"@type":"BreadcrumbList","@id":"https:\/\/trans-nomad.com\/fr\/conditions-de-vente\/#breadcrumb","itemListElement":[{"@type":"ListItem","position":1,"name":"Portada","item":"https:\/\/trans-nomad.com\/fr\/"},{"@type":"ListItem","position":2,"name":"Conditions de vente"}]},{"@type":"WebSite","@id":"https:\/\/trans-nomad.com\/fr\/#website","url":"https:\/\/trans-nomad.com\/fr\/","name":"Trans-Nomad I 2025. The best blind backcountry race in the Pyrenees","description":"Trans-Nomad. Le meilleur de l&#039;aventure et de la comp\u00e9tition par \u00e9tapes dans les Pyr\u00e9n\u00e9es dans un style enduro backcountry.","publisher":{"@id":"https:\/\/trans-nomad.com\/fr\/#organization"},"potentialAction":[{"@type":"SearchAction","target":{"@type":"EntryPoint","urlTemplate":"https:\/\/trans-nomad.com\/fr\/?s={search_term_string}"},"query-input":{"@type":"PropertyValueSpecification","valueRequired":true,"valueName":"search_term_string"}}],"inLanguage":"fr-FR"},{"@type":"Organization","@id":"https:\/\/trans-nomad.com\/fr\/#organization","name":"Trans-Nomad","url":"https:\/\/trans-nomad.com\/fr\/","logo":{"@type":"ImageObject","inLanguage":"fr-FR","@id":"https:\/\/trans-nomad.com\/fr\/#\/schema\/logo\/image\/","url":"https:\/\/trans-nomad.com\/wp-content\/uploads\/2020\/02\/logo-trans-nomad-orbea.png","contentUrl":"https:\/\/trans-nomad.com\/wp-content\/uploads\/2020\/02\/logo-trans-nomad-orbea.png","width":160,"height":90,"caption":"Trans-Nomad"},"image":{"@id":"https:\/\/trans-nomad.com\/fr\/#\/schema\/logo\/image\/"},"sameAs":["https:\/\/www.facebook.com\/TransNomadBaseCamp\/","https:\/\/www.instagram.com\/transnomad\/","https:\/\/www.youtube.com\/channel\/UC-RDOWWyDat6MulwPOtKYmQ"]}]}},"_links":{"self":[{"href":"https:\/\/trans-nomad.com\/fr\/wp-json\/wp\/v2\/pages\/9360","targetHints":{"allow":["GET"]}}],"collection":[{"href":"https:\/\/trans-nomad.com\/fr\/wp-json\/wp\/v2\/pages"}],"about":[{"href":"https:\/\/trans-nomad.com\/fr\/wp-json\/wp\/v2\/types\/page"}],"author":[{"embeddable":true,"href":"https:\/\/trans-nomad.com\/fr\/wp-json\/wp\/v2\/users\/1"}],"replies":[{"embeddable":true,"href":"https:\/\/trans-nomad.com\/fr\/wp-json\/wp\/v2\/comments?post=9360"}],"version-history":[{"count":6,"href":"https:\/\/trans-nomad.com\/fr\/wp-json\/wp\/v2\/pages\/9360\/revisions"}],"predecessor-version":[{"id":13973,"href":"https:\/\/trans-nomad.com\/fr\/wp-json\/wp\/v2\/pages\/9360\/revisions\/13973"}],"wp:attachment":[{"href":"https:\/\/trans-nomad.com\/fr\/wp-json\/wp\/v2\/media?parent=9360"}],"curies":[{"name":"wp","href":"https:\/\/api.w.org\/{rel}","templated":true}]}}