{"id":7622,"date":"2020-02-25T17:04:18","date_gmt":"2020-02-25T16:04:18","guid":{"rendered":"https:\/\/trans-nomad.com\/?page_id=7622"},"modified":"2025-04-06T18:51:14","modified_gmt":"2025-04-06T16:51:14","slug":"comment-arriver","status":"publish","type":"page","link":"https:\/\/trans-nomad.com\/fr\/comment-arriver\/","title":{"rendered":"Comment arriver"},"content":{"rendered":"\t\t<div data-elementor-type=\"wp-page\" data-elementor-id=\"7622\" class=\"elementor elementor-7622 elementor-836\" data-elementor-post-type=\"page\">\n\t\t\t\t\t\t<section class=\"elementor-section elementor-top-section elementor-element elementor-element-3c4679f elementor-section-boxed elementor-section-height-default elementor-section-height-default\" data-id=\"3c4679f\" data-element_type=\"section\">\n\t\t\t\t\t\t<div class=\"elementor-container elementor-column-gap-default\">\n\t\t\t\t\t<div class=\"elementor-column elementor-col-100 elementor-top-column elementor-element elementor-element-29921d3\" data-id=\"29921d3\" data-element_type=\"column\">\n\t\t\t<div class=\"elementor-widget-wrap elementor-element-populated\">\n\t\t\t\t\t\t<div class=\"elementor-element elementor-element-e1c785e elementor-widget elementor-widget-global elementor-global-569 elementor-widget-heading\" data-id=\"e1c785e\" data-element_type=\"widget\" data-widget_type=\"heading.default\">\n\t\t\t\t<div class=\"elementor-widget-container\">\n\t\t\t\t\t<h1 class=\"elementor-heading-title elementor-size-default\">Comment arriver<\/h1>\t\t\t\t<\/div>\n\t\t\t\t<\/div>\n\t\t\t\t\t<\/div>\n\t\t<\/div>\n\t\t\t\t\t<\/div>\n\t\t<\/section>\n\t\t\t\t<section class=\"elementor-section elementor-top-section elementor-element elementor-element-dd2fa23 animated-slow elementor-section-boxed elementor-section-height-default elementor-section-height-default elementor-invisible\" data-id=\"dd2fa23\" data-element_type=\"section\" data-settings=\"{&quot;animation&quot;:&quot;fadeInLeft&quot;}\">\n\t\t\t\t\t\t<div class=\"elementor-container elementor-column-gap-default\">\n\t\t\t\t\t<div class=\"elementor-column elementor-col-50 elementor-top-column elementor-element elementor-element-11f031b\" data-id=\"11f031b\" data-element_type=\"column\" data-settings=\"{&quot;background_background&quot;:&quot;classic&quot;}\">\n\t\t\t<div class=\"elementor-widget-wrap elementor-element-populated\">\n\t\t\t\t\t\t<div class=\"elementor-element elementor-element-63c1f37 elementor-view-default elementor-position-top elementor-mobile-position-top elementor-widget elementor-widget-icon-box\" data-id=\"63c1f37\" data-element_type=\"widget\" data-widget_type=\"icon-box.default\">\n\t\t\t\t<div class=\"elementor-widget-container\">\n\t\t\t\t\t\t\t<div class=\"elementor-icon-box-wrapper\">\n\n\t\t\t\t\t\t<div class=\"elementor-icon-box-icon\">\n\t\t\t\t<span  class=\"elementor-icon\">\n\t\t\t\t<i aria-hidden=\"true\" class=\"fas fa-road\"><\/i>\t\t\t\t<\/span>\n\t\t\t<\/div>\n\t\t\t\n\t\t\t\t\t\t<div class=\"elementor-icon-box-content\">\n\n\t\t\t\t\t\t\t\t\t<h3 class=\"elementor-icon-box-title\">\n\t\t\t\t\t\t<span  >\n\t\t\t\t\t\t\tPar autoroute\t\t\t\t\t\t<\/span>\n\t\t\t\t\t<\/h3>\n\t\t\t\t\n\t\t\t\t\n\t\t\t<\/div>\n\t\t\t\n\t\t<\/div>\n\t\t\t\t\t\t<\/div>\n\t\t\t\t<\/div>\n\t\t\t\t\t<\/div>\n\t\t<\/div>\n\t\t\t\t<div class=\"elementor-column elementor-col-50 elementor-top-column elementor-element elementor-element-1758f28\" data-id=\"1758f28\" data-element_type=\"column\" data-settings=\"{&quot;background_background&quot;:&quot;classic&quot;}\">\n\t\t\t<div class=\"elementor-widget-wrap elementor-element-populated\">\n\t\t\t\t\t\t<div class=\"elementor-element elementor-element-3496daa elementor-widget elementor-widget-text-editor\" data-id=\"3496daa\" data-element_type=\"widget\" data-widget_type=\"text-editor.default\">\n\t\t\t\t<div class=\"elementor-widget-container\">\n\t\t\t\t\t\t\t\t\t<p>Si tu viens dans ta propre voiture tu peux la laisser dans le parking de <strong>Hotel Sommos Benasque\u00a0(Huesca, Espagne).<\/strong><\/p>\t\t\t\t\t\t\t\t<\/div>\n\t\t\t\t<\/div>\n\t\t\t\t<div class=\"elementor-element elementor-element-825cb0c elementor-icon-list--layout-traditional elementor-list-item-link-full_width elementor-widget elementor-widget-icon-list\" data-id=\"825cb0c\" data-element_type=\"widget\" data-widget_type=\"icon-list.default\">\n\t\t\t\t<div class=\"elementor-widget-container\">\n\t\t\t\t\t\t\t<ul class=\"elementor-icon-list-items\">\n\t\t\t\t\t\t\t<li class=\"elementor-icon-list-item\">\n\t\t\t\t\t\t\t\t\t\t\t<span class=\"elementor-icon-list-icon\">\n\t\t\t\t\t\t\t<i aria-hidden=\"true\" class=\"fas fa-map-signs\"><\/i>\t\t\t\t\t\t<\/span>\n\t\t\t\t\t\t\t\t\t\t<span class=\"elementor-icon-list-text\">Paseo Anciles 5, 22440, Benasque (Huesca)<\/span>\n\t\t\t\t\t\t\t\t\t<\/li>\n\t\t\t\t\t\t\t\t<li class=\"elementor-icon-list-item\">\n\t\t\t\t\t\t\t\t\t\t\t<a href=\"https:\/\/www.google.com\/maps\/place\/42%C2%B037&#039;54.1%22N+0%C2%B013&#039;15.0%22E\/@42.6316954,0.2202861,19z\/data=!3m1!4b1!4m13!1m6!3m5!1s0x12a80ea8cedeaf3b:0x18246ead16d03091!2sBielsa!8m2!3d42.6316184!4d0.220839!3m5!1s0x0:0x0!7e2!8m2!3d42.6316875!4d0.2208282?hl=en-US\">\n\n\t\t\t\t\t\t\t\t\t\t\t\t<span class=\"elementor-icon-list-icon\">\n\t\t\t\t\t\t\t<i aria-hidden=\"true\" class=\"fas fa-globe\"><\/i>\t\t\t\t\t\t<\/span>\n\t\t\t\t\t\t\t\t\t\t<span class=\"elementor-icon-list-text\">Coordonn\u00e9es GPS: 42.60178320644281, 0.5241178807299934<\/span>\n\t\t\t\t\t\t\t\t\t\t\t<\/a>\n\t\t\t\t\t\t\t\t\t<\/li>\n\t\t\t\t\t\t<\/ul>\n\t\t\t\t\t\t<\/div>\n\t\t\t\t<\/div>\n\t\t\t\t\t<\/div>\n\t\t<\/div>\n\t\t\t\t\t<\/div>\n\t\t<\/section>\n\t\t\t\t<section class=\"elementor-section elementor-top-section elementor-element elementor-element-ef40c47 animated-slow elementor-section-boxed elementor-section-height-default elementor-section-height-default elementor-invisible\" data-id=\"ef40c47\" data-element_type=\"section\" data-settings=\"{&quot;animation&quot;:&quot;fadeInRight&quot;}\">\n\t\t\t\t\t\t<div class=\"elementor-container elementor-column-gap-default\">\n\t\t\t\t\t<div class=\"elementor-column elementor-col-50 elementor-top-column elementor-element elementor-element-8ebcd29\" data-id=\"8ebcd29\" data-element_type=\"column\" data-settings=\"{&quot;background_background&quot;:&quot;classic&quot;}\">\n\t\t\t<div class=\"elementor-widget-wrap elementor-element-populated\">\n\t\t\t\t\t\t<div class=\"elementor-element elementor-element-610256f elementor-view-default elementor-position-top elementor-mobile-position-top elementor-widget elementor-widget-icon-box\" data-id=\"610256f\" data-element_type=\"widget\" data-widget_type=\"icon-box.default\">\n\t\t\t\t<div class=\"elementor-widget-container\">\n\t\t\t\t\t\t\t<div class=\"elementor-icon-box-wrapper\">\n\n\t\t\t\t\t\t<div class=\"elementor-icon-box-icon\">\n\t\t\t\t<span  class=\"elementor-icon\">\n\t\t\t\t<i aria-hidden=\"true\" class=\"fas fa-plane\"><\/i>\t\t\t\t<\/span>\n\t\t\t<\/div>\n\t\t\t\n\t\t\t\t\t\t<div class=\"elementor-icon-box-content\">\n\n\t\t\t\t\t\t\t\t\t<h3 class=\"elementor-icon-box-title\">\n\t\t\t\t\t\t<span  >\n\t\t\t\t\t\t\tEn avion\t\t\t\t\t\t<\/span>\n\t\t\t\t\t<\/h3>\n\t\t\t\t\n\t\t\t\t\n\t\t\t<\/div>\n\t\t\t\n\t\t<\/div>\n\t\t\t\t\t\t<\/div>\n\t\t\t\t<\/div>\n\t\t\t\t\t<\/div>\n\t\t<\/div>\n\t\t\t\t<div class=\"elementor-column elementor-col-50 elementor-top-column elementor-element elementor-element-ff3a85c\" data-id=\"ff3a85c\" data-element_type=\"column\" data-settings=\"{&quot;background_background&quot;:&quot;classic&quot;}\">\n\t\t\t<div class=\"elementor-widget-wrap elementor-element-populated\">\n\t\t\t\t\t\t<div class=\"elementor-element elementor-element-264f382 elementor-widget elementor-widget-text-editor\" data-id=\"264f382\" data-element_type=\"widget\" data-widget_type=\"text-editor.default\">\n\t\t\t\t<div class=\"elementor-widget-container\">\n\t\t\t\t\t\t\t\t\t<p><span style=\"font-weight: 400;\">Si tu vas venir en avion tu dois savoir qu\u2019il y aura un service de transfer depuis l\u2019<\/span><b>A\u00e9roport Barcelona- El Prat Josep Tarradellas,<\/b><span style=\"font-weight: 400;\"> aller et retour \u00e0 Benasque\u00a0 et qui est fait par une entreprise de transport locale de la Vall\u00e9e de Benasque. C\u2019est un voyage de 290km d\u2019une dur\u00e9e approximative\u00a0 de 3 heures et 30 minutes.<\/span><\/p><p><span style=\"font-weight: 400;\">Tu peux solliciter ce service lors de l\u2019inscription. L\u2019entreprise de transports se mettra en contact avec toi directement pour la gestion.<\/span><\/p><p><span style=\"font-weight: 400;\">Pourtant, si tu veux utiliser le service de transfer nous te recommandons de chercher des vols qui s\u2019adaptent aux horaires. Depuis Trans-Nomad nous n\u2019offrons pas le service de transport \u00e0 d\u2019autres a\u00e9roports ni dans d\u2019autres horaires.<\/span><\/p>\t\t\t\t\t\t\t\t<\/div>\n\t\t\t\t<\/div>\n\t\t\t\t<div class=\"elementor-element elementor-element-5d670c8 elementor-widget elementor-widget-heading\" data-id=\"5d670c8\" data-element_type=\"widget\" data-widget_type=\"heading.default\">\n\t\t\t\t<div class=\"elementor-widget-container\">\n\t\t\t\t\t<h4 class=\"elementor-heading-title elementor-size-default\">Dates de vols recommand\u00e9es<\/h4>\t\t\t\t<\/div>\n\t\t\t\t<\/div>\n\t\t\t\t<div class=\"elementor-element elementor-element-3afc871 elementor-icon-list--layout-traditional elementor-list-item-link-full_width elementor-widget elementor-widget-icon-list\" data-id=\"3afc871\" data-element_type=\"widget\" data-widget_type=\"icon-list.default\">\n\t\t\t\t<div class=\"elementor-widget-container\">\n\t\t\t\t\t\t\t<ul class=\"elementor-icon-list-items\">\n\t\t\t\t\t\t\t<li class=\"elementor-icon-list-item\">\n\t\t\t\t\t\t\t\t\t\t\t<span class=\"elementor-icon-list-icon\">\n\t\t\t\t\t\t\t<i aria-hidden=\"true\" class=\"fas fa-plane-arrival\"><\/i>\t\t\t\t\t\t<\/span>\n\t\t\t\t\t\t\t\t\t\t<span class=\"elementor-icon-list-text\">Arriv\u00e9e 1 octobre \u00e0 13:00pm<\/span>\n\t\t\t\t\t\t\t\t\t<\/li>\n\t\t\t\t\t\t\t\t<li class=\"elementor-icon-list-item\">\n\t\t\t\t\t\t\t\t\t\t\t<span class=\"elementor-icon-list-icon\">\n\t\t\t\t\t\t\t<i aria-hidden=\"true\" class=\"fas fa-plane-departure\"><\/i>\t\t\t\t\t\t<\/span>\n\t\t\t\t\t\t\t\t\t\t<span class=\"elementor-icon-list-text\">Retour 6 octobre  \u00e0 14:00pm<\/span>\n\t\t\t\t\t\t\t\t\t<\/li>\n\t\t\t\t\t\t<\/ul>\n\t\t\t\t\t\t<\/div>\n\t\t\t\t<\/div>\n\t\t\t\t\t<\/div>\n\t\t<\/div>\n\t\t\t\t\t<\/div>\n\t\t<\/section>\n\t\t\t\t<section class=\"elementor-section elementor-top-section elementor-element elementor-element-4f835cb animated-slow elementor-section-boxed elementor-section-height-default elementor-section-height-default elementor-invisible\" data-id=\"4f835cb\" data-element_type=\"section\" data-settings=\"{&quot;animation&quot;:&quot;fadeInLeft&quot;}\">\n\t\t\t\t\t\t<div class=\"elementor-container elementor-column-gap-default\">\n\t\t\t\t\t<div class=\"elementor-column elementor-col-50 elementor-top-column elementor-element elementor-element-73fb8cc\" data-id=\"73fb8cc\" data-element_type=\"column\" data-settings=\"{&quot;background_background&quot;:&quot;classic&quot;}\">\n\t\t\t<div class=\"elementor-widget-wrap elementor-element-populated\">\n\t\t\t\t\t\t<div class=\"elementor-element elementor-element-bee188e elementor-view-default elementor-position-top elementor-mobile-position-top elementor-widget elementor-widget-icon-box\" data-id=\"bee188e\" data-element_type=\"widget\" data-widget_type=\"icon-box.default\">\n\t\t\t\t<div class=\"elementor-widget-container\">\n\t\t\t\t\t\t\t<div class=\"elementor-icon-box-wrapper\">\n\n\t\t\t\t\t\t<div class=\"elementor-icon-box-icon\">\n\t\t\t\t<span  class=\"elementor-icon\">\n\t\t\t\t<i aria-hidden=\"true\" class=\"fas fa-check-circle\"><\/i>\t\t\t\t<\/span>\n\t\t\t<\/div>\n\t\t\t\n\t\t\t\t\t\t<div class=\"elementor-icon-box-content\">\n\n\t\t\t\t\t\t\t\t\t<h3 class=\"elementor-icon-box-title\">\n\t\t\t\t\t\t<span  >\n\t\t\t\t\t\t\tCheck-in\t\t\t\t\t\t<\/span>\n\t\t\t\t\t<\/h3>\n\t\t\t\t\n\t\t\t\t\n\t\t\t<\/div>\n\t\t\t\n\t\t<\/div>\n\t\t\t\t\t\t<\/div>\n\t\t\t\t<\/div>\n\t\t\t\t\t<\/div>\n\t\t<\/div>\n\t\t\t\t<div class=\"elementor-column elementor-col-50 elementor-top-column elementor-element elementor-element-ec2d43a\" data-id=\"ec2d43a\" data-element_type=\"column\" data-settings=\"{&quot;background_background&quot;:&quot;classic&quot;}\">\n\t\t\t<div class=\"elementor-widget-wrap elementor-element-populated\">\n\t\t\t\t\t\t<div class=\"elementor-element elementor-element-9c2d631 elementor-widget elementor-widget-text-editor\" data-id=\"9c2d631\" data-element_type=\"widget\" data-widget_type=\"text-editor.default\">\n\t\t\t\t<div class=\"elementor-widget-container\">\n\t\t\t\t\t\t\t\t\t<p>Tous les coureurs sont tenus de se pr\u00e9senter entre <strong>15h00 et 18h00 le 1 octobre <\/strong>, dans la zone du paddock de <strong>l&rsquo;H\u00f4tel Sommos Benasque<\/strong> (Huesca) \u00e0 la tente du secr\u00e9tariat de la course<\/p><p><span style=\"font-weight: 400;\">Les coureurs,\u00a0 apr\u00e8s\u00a0 la remise des dossards, pourront acc\u00e9der au paddock \u00e0 partir de 15h le 5 octobre. Ils pourront s\u2019inscrire et utiliser le <strong>service m\u00e9canique.<\/strong><\/span><\/p><p><span style=\"font-weight: 400;\">Cette m\u00eame nuit c\u2019est le d\u00eener de bienvenue et il y aura un briefing \u00e0 20:00h.<\/span><\/p>\t\t\t\t\t\t\t\t<\/div>\n\t\t\t\t<\/div>\n\t\t\t\t<div class=\"elementor-element elementor-element-250ea57 elementor-align-left elementor-icon-list--layout-traditional elementor-list-item-link-full_width elementor-widget elementor-widget-icon-list\" data-id=\"250ea57\" data-element_type=\"widget\" data-widget_type=\"icon-list.default\">\n\t\t\t\t<div class=\"elementor-widget-container\">\n\t\t\t\t\t\t\t<ul class=\"elementor-icon-list-items\">\n\t\t\t\t\t\t\t<li class=\"elementor-icon-list-item\">\n\t\t\t\t\t\t\t\t\t\t\t<span class=\"elementor-icon-list-icon\">\n\t\t\t\t\t\t\t<i aria-hidden=\"true\" class=\"fas fa-campground\"><\/i>\t\t\t\t\t\t<\/span>\n\t\t\t\t\t\t\t\t\t\t<span class=\"elementor-icon-list-text\">Acc\u00e8s au paddock \u00e0 partir de 15:00h<\/span>\n\t\t\t\t\t\t\t\t\t<\/li>\n\t\t\t\t\t\t\t\t<li class=\"elementor-icon-list-item\">\n\t\t\t\t\t\t\t\t\t\t\t<span class=\"elementor-icon-list-icon\">\n\t\t\t\t\t\t\t<i aria-hidden=\"true\" class=\"fas fa-clipboard-list\"><\/i>\t\t\t\t\t\t<\/span>\n\t\t\t\t\t\t\t\t\t\t<span class=\"elementor-icon-list-text\">D\u00eener de bienvenue et brieffing \u00e0 partir de 20:00h<\/span>\n\t\t\t\t\t\t\t\t\t<\/li>\n\t\t\t\t\t\t<\/ul>\n\t\t\t\t\t\t<\/div>\n\t\t\t\t<\/div>\n\t\t\t\t\t<\/div>\n\t\t<\/div>\n\t\t\t\t\t<\/div>\n\t\t<\/section>\n\t\t\t\t<\/div>\n\t\t","protected":false},"excerpt":{"rendered":"<p>Par autoroute Si tu viens dans ta propre voiture tu peux la laisser dans le parking de Hotel Sommos Benasque\u00a0(Huesca, Espagne). Paseo Anciles 5, 22440, Benasque (Huesca) Coordonn\u00e9es GPS: 42.60178320644281, 0.5241178807299934 En avion Si tu vas venir en avion tu dois savoir qu\u2019il y aura un service de transfer depuis l\u2019A\u00e9roport Barcelona- El Prat Josep [&hellip;]<\/p>\n","protected":false},"author":1,"featured_media":0,"parent":0,"menu_order":0,"comment_status":"closed","ping_status":"closed","template":"","meta":{"site-sidebar-layout":"no-sidebar","site-content-layout":"page-builder","ast-site-content-layout":"","site-content-style":"default","site-sidebar-style":"default","ast-global-header-display":"","ast-banner-title-visibility":"","ast-main-header-display":"","ast-hfb-above-header-display":"","ast-hfb-below-header-display":"","ast-hfb-mobile-header-display":"","site-post-title":"disabled","ast-breadcrumbs-content":"","ast-featured-img":"disabled","footer-sml-layout":"","theme-transparent-header-meta":"default","adv-header-id-meta":"","stick-header-meta":"","header-above-stick-meta":"","header-main-stick-meta":"","header-below-stick-meta":"","astra-migrate-meta-layouts":"default","ast-page-background-enabled":"default","ast-page-background-meta":{"desktop":{"background-color":"var(--ast-global-color-4)","background-image":"","background-repeat":"repeat","background-position":"center center","background-size":"auto","background-attachment":"scroll","background-type":"","background-media":"","overlay-type":"","overlay-color":"","overlay-opacity":"","overlay-gradient":""},"tablet":{"background-color":"","background-image":"","background-repeat":"repeat","background-position":"center center","background-size":"auto","background-attachment":"scroll","background-type":"","background-media":"","overlay-type":"","overlay-color":"","overlay-opacity":"","overlay-gradient":""},"mobile":{"background-color":"","background-image":"","background-repeat":"repeat","background-position":"center center","background-size":"auto","background-attachment":"scroll","background-type":"","background-media":"","overlay-type":"","overlay-color":"","overlay-opacity":"","overlay-gradient":""}},"ast-content-background-meta":{"desktop":{"background-color":"var(--ast-global-color-5)","background-image":"","background-repeat":"repeat","background-position":"center center","background-size":"auto","background-attachment":"scroll","background-type":"","background-media":"","overlay-type":"","overlay-color":"","overlay-opacity":"","overlay-gradient":""},"tablet":{"background-color":"var(--ast-global-color-5)","background-image":"","background-repeat":"repeat","background-position":"center center","background-size":"auto","background-attachment":"scroll","background-type":"","background-media":"","overlay-type":"","overlay-color":"","overlay-opacity":"","overlay-gradient":""},"mobile":{"background-color":"var(--ast-global-color-5)","background-image":"","background-repeat":"repeat","background-position":"center center","background-size":"auto","background-attachment":"scroll","background-type":"","background-media":"","overlay-type":"","overlay-color":"","overlay-opacity":"","overlay-gradient":""}},"footnotes":""},"class_list":["post-7622","page","type-page","status-publish","hentry"],"yoast_head":"<!-- This site is optimized with the Yoast SEO plugin v25.0 - https:\/\/yoast.com\/wordpress\/plugins\/seo\/ -->\n<title>Comment arriver | Trans-Nomad I La meilleure course de fond en aveugle des Pyr\u00e9n\u00e9es.<\/title>\n<meta name=\"robots\" content=\"index, follow, max-snippet:-1, max-image-preview:large, max-video-preview:-1\" \/>\n<link rel=\"canonical\" href=\"https:\/\/trans-nomad.com\/fr\/comment-arriver\/\" \/>\n<meta property=\"og:locale\" content=\"fr_FR\" \/>\n<meta property=\"og:type\" content=\"article\" \/>\n<meta property=\"og:title\" content=\"Comment arriver | Trans-Nomad I La meilleure course de fond en aveugle des Pyr\u00e9n\u00e9es.\" \/>\n<meta property=\"og:description\" content=\"Par autoroute Si tu viens dans ta propre voiture tu peux la laisser dans le parking de Hotel Sommos Benasque\u00a0(Huesca, Espagne). Paseo Anciles 5, 22440, Benasque (Huesca) Coordonn\u00e9es GPS: 42.60178320644281, 0.5241178807299934 En avion Si tu vas venir en avion tu dois savoir qu\u2019il y aura un service de transfer depuis l\u2019A\u00e9roport Barcelona- El Prat Josep [&hellip;]\" \/>\n<meta property=\"og:url\" content=\"https:\/\/trans-nomad.com\/fr\/comment-arriver\/\" \/>\n<meta property=\"og:site_name\" content=\"Trans-Nomad I La meilleure course de fond en aveugle des Pyr\u00e9n\u00e9es.\" \/>\n<meta property=\"article:publisher\" content=\"https:\/\/www.facebook.com\/TransNomadBaseCamp\/\" \/>\n<meta property=\"article:modified_time\" content=\"2025-04-06T16:51:14+00:00\" \/>\n<meta property=\"og:image\" content=\"https:\/\/trans-nomad.com\/wp-content\/uploads\/2020\/02\/logo-trans-nomad-orbea.png\" \/>\n\t<meta property=\"og:image:width\" content=\"160\" \/>\n\t<meta property=\"og:image:height\" content=\"90\" \/>\n\t<meta property=\"og:image:type\" content=\"image\/png\" \/>\n<meta name=\"twitter:card\" content=\"summary_large_image\" \/>\n<meta name=\"twitter:label1\" content=\"Dur\u00e9e de lecture estim\u00e9e\" \/>\n\t<meta name=\"twitter:data1\" content=\"2 minutes\" \/>\n<script type=\"application\/ld+json\" class=\"yoast-schema-graph\">{\"@context\":\"https:\/\/schema.org\",\"@graph\":[{\"@type\":\"WebPage\",\"@id\":\"https:\/\/trans-nomad.com\/fr\/comment-arriver\/\",\"url\":\"https:\/\/trans-nomad.com\/fr\/comment-arriver\/\",\"name\":\"Comment arriver | Trans-Nomad I La meilleure course de fond en aveugle des Pyr\u00e9n\u00e9es.\",\"isPartOf\":{\"@id\":\"https:\/\/trans-nomad.com\/fr\/#website\"},\"datePublished\":\"2020-02-25T16:04:18+00:00\",\"dateModified\":\"2025-04-06T16:51:14+00:00\",\"breadcrumb\":{\"@id\":\"https:\/\/trans-nomad.com\/fr\/comment-arriver\/#breadcrumb\"},\"inLanguage\":\"fr-FR\",\"potentialAction\":[{\"@type\":\"ReadAction\",\"target\":[\"https:\/\/trans-nomad.com\/fr\/comment-arriver\/\"]}]},{\"@type\":\"BreadcrumbList\",\"@id\":\"https:\/\/trans-nomad.com\/fr\/comment-arriver\/#breadcrumb\",\"itemListElement\":[{\"@type\":\"ListItem\",\"position\":1,\"name\":\"Portada\",\"item\":\"https:\/\/trans-nomad.com\/fr\/\"},{\"@type\":\"ListItem\",\"position\":2,\"name\":\"Comment arriver\"}]},{\"@type\":\"WebSite\",\"@id\":\"https:\/\/trans-nomad.com\/fr\/#website\",\"url\":\"https:\/\/trans-nomad.com\/fr\/\",\"name\":\"Trans-Nomad I 2025. The best blind backcountry race in the Pyrenees\",\"description\":\"Trans-Nomad. Le meilleur de l&#039;aventure et de la comp\u00e9tition par \u00e9tapes dans les Pyr\u00e9n\u00e9es dans un style enduro backcountry.\",\"publisher\":{\"@id\":\"https:\/\/trans-nomad.com\/fr\/#organization\"},\"potentialAction\":[{\"@type\":\"SearchAction\",\"target\":{\"@type\":\"EntryPoint\",\"urlTemplate\":\"https:\/\/trans-nomad.com\/fr\/?s={search_term_string}\"},\"query-input\":{\"@type\":\"PropertyValueSpecification\",\"valueRequired\":true,\"valueName\":\"search_term_string\"}}],\"inLanguage\":\"fr-FR\"},{\"@type\":\"Organization\",\"@id\":\"https:\/\/trans-nomad.com\/fr\/#organization\",\"name\":\"Trans-Nomad\",\"url\":\"https:\/\/trans-nomad.com\/fr\/\",\"logo\":{\"@type\":\"ImageObject\",\"inLanguage\":\"fr-FR\",\"@id\":\"https:\/\/trans-nomad.com\/fr\/#\/schema\/logo\/image\/\",\"url\":\"https:\/\/trans-nomad.com\/wp-content\/uploads\/2020\/02\/logo-trans-nomad-orbea.png\",\"contentUrl\":\"https:\/\/trans-nomad.com\/wp-content\/uploads\/2020\/02\/logo-trans-nomad-orbea.png\",\"width\":160,\"height\":90,\"caption\":\"Trans-Nomad\"},\"image\":{\"@id\":\"https:\/\/trans-nomad.com\/fr\/#\/schema\/logo\/image\/\"},\"sameAs\":[\"https:\/\/www.facebook.com\/TransNomadBaseCamp\/\",\"https:\/\/www.instagram.com\/transnomad\/\",\"https:\/\/www.youtube.com\/channel\/UC-RDOWWyDat6MulwPOtKYmQ\"]}]}<\/script>\n<!-- \/ Yoast SEO plugin. -->","yoast_head_json":{"title":"Comment arriver | Trans-Nomad I La meilleure course de fond en aveugle des Pyr\u00e9n\u00e9es.","robots":{"index":"index","follow":"follow","max-snippet":"max-snippet:-1","max-image-preview":"max-image-preview:large","max-video-preview":"max-video-preview:-1"},"canonical":"https:\/\/trans-nomad.com\/fr\/comment-arriver\/","og_locale":"fr_FR","og_type":"article","og_title":"Comment arriver | Trans-Nomad I La meilleure course de fond en aveugle des Pyr\u00e9n\u00e9es.","og_description":"Par autoroute Si tu viens dans ta propre voiture tu peux la laisser dans le parking de Hotel Sommos Benasque\u00a0(Huesca, Espagne). Paseo Anciles 5, 22440, Benasque (Huesca) Coordonn\u00e9es GPS: 42.60178320644281, 0.5241178807299934 En avion Si tu vas venir en avion tu dois savoir qu\u2019il y aura un service de transfer depuis l\u2019A\u00e9roport Barcelona- El Prat Josep [&hellip;]","og_url":"https:\/\/trans-nomad.com\/fr\/comment-arriver\/","og_site_name":"Trans-Nomad I La meilleure course de fond en aveugle des Pyr\u00e9n\u00e9es.","article_publisher":"https:\/\/www.facebook.com\/TransNomadBaseCamp\/","article_modified_time":"2025-04-06T16:51:14+00:00","og_image":[{"width":160,"height":90,"url":"https:\/\/trans-nomad.com\/wp-content\/uploads\/2020\/02\/logo-trans-nomad-orbea.png","type":"image\/png"}],"twitter_card":"summary_large_image","twitter_misc":{"Dur\u00e9e de lecture estim\u00e9e":"2 minutes"},"schema":{"@context":"https:\/\/schema.org","@graph":[{"@type":"WebPage","@id":"https:\/\/trans-nomad.com\/fr\/comment-arriver\/","url":"https:\/\/trans-nomad.com\/fr\/comment-arriver\/","name":"Comment arriver | Trans-Nomad I La meilleure course de fond en aveugle des Pyr\u00e9n\u00e9es.","isPartOf":{"@id":"https:\/\/trans-nomad.com\/fr\/#website"},"datePublished":"2020-02-25T16:04:18+00:00","dateModified":"2025-04-06T16:51:14+00:00","breadcrumb":{"@id":"https:\/\/trans-nomad.com\/fr\/comment-arriver\/#breadcrumb"},"inLanguage":"fr-FR","potentialAction":[{"@type":"ReadAction","target":["https:\/\/trans-nomad.com\/fr\/comment-arriver\/"]}]},{"@type":"BreadcrumbList","@id":"https:\/\/trans-nomad.com\/fr\/comment-arriver\/#breadcrumb","itemListElement":[{"@type":"ListItem","position":1,"name":"Portada","item":"https:\/\/trans-nomad.com\/fr\/"},{"@type":"ListItem","position":2,"name":"Comment arriver"}]},{"@type":"WebSite","@id":"https:\/\/trans-nomad.com\/fr\/#website","url":"https:\/\/trans-nomad.com\/fr\/","name":"Trans-Nomad I 2025. The best blind backcountry race in the Pyrenees","description":"Trans-Nomad. Le meilleur de l&#039;aventure et de la comp\u00e9tition par \u00e9tapes dans les Pyr\u00e9n\u00e9es dans un style enduro backcountry.","publisher":{"@id":"https:\/\/trans-nomad.com\/fr\/#organization"},"potentialAction":[{"@type":"SearchAction","target":{"@type":"EntryPoint","urlTemplate":"https:\/\/trans-nomad.com\/fr\/?s={search_term_string}"},"query-input":{"@type":"PropertyValueSpecification","valueRequired":true,"valueName":"search_term_string"}}],"inLanguage":"fr-FR"},{"@type":"Organization","@id":"https:\/\/trans-nomad.com\/fr\/#organization","name":"Trans-Nomad","url":"https:\/\/trans-nomad.com\/fr\/","logo":{"@type":"ImageObject","inLanguage":"fr-FR","@id":"https:\/\/trans-nomad.com\/fr\/#\/schema\/logo\/image\/","url":"https:\/\/trans-nomad.com\/wp-content\/uploads\/2020\/02\/logo-trans-nomad-orbea.png","contentUrl":"https:\/\/trans-nomad.com\/wp-content\/uploads\/2020\/02\/logo-trans-nomad-orbea.png","width":160,"height":90,"caption":"Trans-Nomad"},"image":{"@id":"https:\/\/trans-nomad.com\/fr\/#\/schema\/logo\/image\/"},"sameAs":["https:\/\/www.facebook.com\/TransNomadBaseCamp\/","https:\/\/www.instagram.com\/transnomad\/","https:\/\/www.youtube.com\/channel\/UC-RDOWWyDat6MulwPOtKYmQ"]}]}},"_links":{"self":[{"href":"https:\/\/trans-nomad.com\/fr\/wp-json\/wp\/v2\/pages\/7622","targetHints":{"allow":["GET"]}}],"collection":[{"href":"https:\/\/trans-nomad.com\/fr\/wp-json\/wp\/v2\/pages"}],"about":[{"href":"https:\/\/trans-nomad.com\/fr\/wp-json\/wp\/v2\/types\/page"}],"author":[{"embeddable":true,"href":"https:\/\/trans-nomad.com\/fr\/wp-json\/wp\/v2\/users\/1"}],"replies":[{"embeddable":true,"href":"https:\/\/trans-nomad.com\/fr\/wp-json\/wp\/v2\/comments?post=7622"}],"version-history":[{"count":61,"href":"https:\/\/trans-nomad.com\/fr\/wp-json\/wp\/v2\/pages\/7622\/revisions"}],"predecessor-version":[{"id":13970,"href":"https:\/\/trans-nomad.com\/fr\/wp-json\/wp\/v2\/pages\/7622\/revisions\/13970"}],"wp:attachment":[{"href":"https:\/\/trans-nomad.com\/fr\/wp-json\/wp\/v2\/media?parent=7622"}],"curies":[{"name":"wp","href":"https:\/\/api.w.org\/{rel}","templated":true}]}}