{"id":7553,"date":"2020-02-25T16:59:58","date_gmt":"2020-02-25T15:59:58","guid":{"rendered":"https:\/\/trans-nomad.com\/?page_id=7553"},"modified":"2025-04-15T08:09:01","modified_gmt":"2025-04-15T06:09:01","slug":"finaliser-inscription","status":"publish","type":"page","link":"https:\/\/trans-nomad.com\/fr\/finaliser-inscription\/","title":{"rendered":"Finaliser inscription"},"content":{"rendered":"\t\t<div data-elementor-type=\"wp-page\" data-elementor-id=\"7553\" class=\"elementor elementor-7553 elementor-90\" data-elementor-post-type=\"page\">\n\t\t\t\t<section class=\"elementor-section elementor-top-section elementor-element elementor-element-258daa1c elementor-section-boxed elementor-section-height-default elementor-section-height-default\" data-id=\"258daa1c\" data-element_type=\"section\">\n\t\t\t\t\t\t<div class=\"elementor-container elementor-column-gap-default\">\n\t\t\t\t\t<div class=\"elementor-column elementor-col-100 elementor-top-column elementor-element elementor-element-6dd958a9\" data-id=\"6dd958a9\" data-element_type=\"column\">\n\t\t\t<div class=\"elementor-widget-wrap elementor-element-populated\">\n\t\t\t\t\t\t<div class=\"elementor-element elementor-element-1a03da93 elementor-widget elementor-widget-text-editor\" data-id=\"1a03da93\" data-element_type=\"widget\" data-widget_type=\"text-editor.default\">\n\t\t\t\t<div class=\"elementor-widget-container\"><div class=\"woocommerce\"><\/div><\/div>\n\t\t\t\t<\/div>\n\t\t\t\t\t<\/div>\n\t\t<\/div>\n\t\t\t\t\t<\/div>\n\t\t<\/section>\t\t<\/div>\n\t\t","protected":false},"excerpt":{"rendered":"","protected":false},"author":1,"featured_media":0,"parent":0,"menu_order":0,"comment_status":"closed","ping_status":"closed","template":"","meta":{"site-sidebar-layout":"default","site-content-layout":"default","ast-site-content-layout":"","site-content-style":"default","site-sidebar-style":"default","ast-global-header-display":"","ast-banner-title-visibility":"","ast-main-header-display":"","ast-hfb-above-header-display":"","ast-hfb-below-header-display":"","ast-hfb-mobile-header-display":"","site-post-title":"","ast-breadcrumbs-content":"","ast-featured-img":"","footer-sml-layout":"","theme-transparent-header-meta":"default","adv-header-id-meta":"","stick-header-meta":"","header-above-stick-meta":"","header-main-stick-meta":"","header-below-stick-meta":"","astra-migrate-meta-layouts":"default","ast-page-background-enabled":"default","ast-page-background-meta":{"desktop":{"background-color":"var(--ast-global-color-4)","background-image":"","background-repeat":"repeat","background-position":"center center","background-size":"auto","background-attachment":"scroll","background-type":"","background-media":"","overlay-type":"","overlay-color":"","overlay-opacity":"","overlay-gradient":""},"tablet":{"background-color":"","background-image":"","background-repeat":"repeat","background-position":"center center","background-size":"auto","background-attachment":"scroll","background-type":"","background-media":"","overlay-type":"","overlay-color":"","overlay-opacity":"","overlay-gradient":""},"mobile":{"background-color":"","background-image":"","background-repeat":"repeat","background-position":"center center","background-size":"auto","background-attachment":"scroll","background-type":"","background-media":"","overlay-type":"","overlay-color":"","overlay-opacity":"","overlay-gradient":""}},"ast-content-background-meta":{"desktop":{"background-color":"var(--ast-global-color-5)","background-image":"","background-repeat":"repeat","background-position":"center center","background-size":"auto","background-attachment":"scroll","background-type":"","background-media":"","overlay-type":"","overlay-color":"","overlay-opacity":"","overlay-gradient":""},"tablet":{"background-color":"var(--ast-global-color-5)","background-image":"","background-repeat":"repeat","background-position":"center center","background-size":"auto","background-attachment":"scroll","background-type":"","background-media":"","overlay-type":"","overlay-color":"","overlay-opacity":"","overlay-gradient":""},"mobile":{"background-color":"var(--ast-global-color-5)","background-image":"","background-repeat":"repeat","background-position":"center center","background-size":"auto","background-attachment":"scroll","background-type":"","background-media":"","overlay-type":"","overlay-color":"","overlay-opacity":"","overlay-gradient":""}},"footnotes":""},"class_list":["post-7553","page","type-page","status-publish","hentry"],"yoast_head":"<!-- This site is optimized with the Yoast SEO plugin v25.0 - https:\/\/yoast.com\/wordpress\/plugins\/seo\/ -->\n<title>Finaliser inscription | Trans-Nomad I La meilleure course de fond en aveugle des Pyr\u00e9n\u00e9es.<\/title>\n<meta name=\"robots\" content=\"noindex, follow\" \/>\n<meta property=\"og:locale\" content=\"fr_FR\" \/>\n<meta property=\"og:type\" content=\"article\" \/>\n<meta property=\"og:title\" content=\"Finaliser inscription | Trans-Nomad I La meilleure course de fond en aveugle des Pyr\u00e9n\u00e9es.\" \/>\n<meta property=\"og:url\" content=\"https:\/\/trans-nomad.com\/fr\/finaliser-inscription\/\" \/>\n<meta property=\"og:site_name\" content=\"Trans-Nomad I La meilleure course de fond en aveugle des Pyr\u00e9n\u00e9es.\" \/>\n<meta property=\"article:publisher\" content=\"https:\/\/www.facebook.com\/TransNomadBaseCamp\/\" \/>\n<meta property=\"article:modified_time\" content=\"2025-04-15T06:09:01+00:00\" \/>\n<meta property=\"og:image\" content=\"https:\/\/trans-nomad.com\/wp-content\/uploads\/2020\/02\/logo-trans-nomad-orbea.png\" \/>\n\t<meta property=\"og:image:width\" content=\"160\" \/>\n\t<meta property=\"og:image:height\" content=\"90\" \/>\n\t<meta property=\"og:image:type\" content=\"image\/png\" \/>\n<meta name=\"twitter:card\" content=\"summary_large_image\" \/>\n<meta name=\"twitter:label1\" content=\"Dur\u00e9e de lecture estim\u00e9e\" \/>\n\t<meta name=\"twitter:data1\" content=\"1 minute\" \/>\n<script type=\"application\/ld+json\" class=\"yoast-schema-graph\">{\"@context\":\"https:\/\/schema.org\",\"@graph\":[{\"@type\":\"WebPage\",\"@id\":\"https:\/\/trans-nomad.com\/fr\/finaliser-inscription\/\",\"url\":\"https:\/\/trans-nomad.com\/fr\/finaliser-inscription\/\",\"name\":\"Finaliser inscription | Trans-Nomad I La meilleure course de fond en aveugle des Pyr\u00e9n\u00e9es.\",\"isPartOf\":{\"@id\":\"https:\/\/trans-nomad.com\/fr\/#website\"},\"datePublished\":\"2020-02-25T15:59:58+00:00\",\"dateModified\":\"2025-04-15T06:09:01+00:00\",\"breadcrumb\":{\"@id\":\"https:\/\/trans-nomad.com\/fr\/finaliser-inscription\/#breadcrumb\"},\"inLanguage\":\"fr-FR\",\"potentialAction\":[{\"@type\":\"ReadAction\",\"target\":[\"https:\/\/trans-nomad.com\/fr\/finaliser-inscription\/\"]}]},{\"@type\":\"BreadcrumbList\",\"@id\":\"https:\/\/trans-nomad.com\/fr\/finaliser-inscription\/#breadcrumb\",\"itemListElement\":[{\"@type\":\"ListItem\",\"position\":1,\"name\":\"Portada\",\"item\":\"https:\/\/trans-nomad.com\/fr\/inicio\/\"},{\"@type\":\"ListItem\",\"position\":2,\"name\":\"Finaliser inscription\"}]},{\"@type\":\"WebSite\",\"@id\":\"https:\/\/trans-nomad.com\/fr\/#website\",\"url\":\"https:\/\/trans-nomad.com\/fr\/\",\"name\":\"Trans-Nomad I 2025. The best blind backcountry race in the Pyrenees\",\"description\":\"Trans-Nomad. Le meilleur de l&#039;aventure et de la comp\u00e9tition par \u00e9tapes dans les Pyr\u00e9n\u00e9es dans un style enduro backcountry.\",\"publisher\":{\"@id\":\"https:\/\/trans-nomad.com\/fr\/#organization\"},\"potentialAction\":[{\"@type\":\"SearchAction\",\"target\":{\"@type\":\"EntryPoint\",\"urlTemplate\":\"https:\/\/trans-nomad.com\/fr\/?s={search_term_string}\"},\"query-input\":{\"@type\":\"PropertyValueSpecification\",\"valueRequired\":true,\"valueName\":\"search_term_string\"}}],\"inLanguage\":\"fr-FR\"},{\"@type\":\"Organization\",\"@id\":\"https:\/\/trans-nomad.com\/fr\/#organization\",\"name\":\"Trans-Nomad\",\"url\":\"https:\/\/trans-nomad.com\/fr\/\",\"logo\":{\"@type\":\"ImageObject\",\"inLanguage\":\"fr-FR\",\"@id\":\"https:\/\/trans-nomad.com\/fr\/#\/schema\/logo\/image\/\",\"url\":\"https:\/\/trans-nomad.com\/wp-content\/uploads\/2020\/02\/logo-trans-nomad-orbea.png\",\"contentUrl\":\"https:\/\/trans-nomad.com\/wp-content\/uploads\/2020\/02\/logo-trans-nomad-orbea.png\",\"width\":160,\"height\":90,\"caption\":\"Trans-Nomad\"},\"image\":{\"@id\":\"https:\/\/trans-nomad.com\/fr\/#\/schema\/logo\/image\/\"},\"sameAs\":[\"https:\/\/www.facebook.com\/TransNomadBaseCamp\/\",\"https:\/\/www.instagram.com\/transnomad\/\",\"https:\/\/www.youtube.com\/channel\/UC-RDOWWyDat6MulwPOtKYmQ\"]}]}<\/script>\n<!-- \/ Yoast SEO plugin. -->","yoast_head_json":{"title":"Finaliser inscription | Trans-Nomad I La meilleure course de fond en aveugle des Pyr\u00e9n\u00e9es.","robots":{"index":"noindex","follow":"follow"},"og_locale":"fr_FR","og_type":"article","og_title":"Finaliser inscription | Trans-Nomad I La meilleure course de fond en aveugle des Pyr\u00e9n\u00e9es.","og_url":"https:\/\/trans-nomad.com\/fr\/finaliser-inscription\/","og_site_name":"Trans-Nomad I La meilleure course de fond en aveugle des Pyr\u00e9n\u00e9es.","article_publisher":"https:\/\/www.facebook.com\/TransNomadBaseCamp\/","article_modified_time":"2025-04-15T06:09:01+00:00","og_image":[{"width":160,"height":90,"url":"https:\/\/trans-nomad.com\/wp-content\/uploads\/2020\/02\/logo-trans-nomad-orbea.png","type":"image\/png"}],"twitter_card":"summary_large_image","twitter_misc":{"Dur\u00e9e de lecture estim\u00e9e":"1 minute"},"schema":{"@context":"https:\/\/schema.org","@graph":[{"@type":"WebPage","@id":"https:\/\/trans-nomad.com\/fr\/finaliser-inscription\/","url":"https:\/\/trans-nomad.com\/fr\/finaliser-inscription\/","name":"Finaliser inscription | Trans-Nomad I La meilleure course de fond en aveugle des Pyr\u00e9n\u00e9es.","isPartOf":{"@id":"https:\/\/trans-nomad.com\/fr\/#website"},"datePublished":"2020-02-25T15:59:58+00:00","dateModified":"2025-04-15T06:09:01+00:00","breadcrumb":{"@id":"https:\/\/trans-nomad.com\/fr\/finaliser-inscription\/#breadcrumb"},"inLanguage":"fr-FR","potentialAction":[{"@type":"ReadAction","target":["https:\/\/trans-nomad.com\/fr\/finaliser-inscription\/"]}]},{"@type":"BreadcrumbList","@id":"https:\/\/trans-nomad.com\/fr\/finaliser-inscription\/#breadcrumb","itemListElement":[{"@type":"ListItem","position":1,"name":"Portada","item":"https:\/\/trans-nomad.com\/fr\/inicio\/"},{"@type":"ListItem","position":2,"name":"Finaliser inscription"}]},{"@type":"WebSite","@id":"https:\/\/trans-nomad.com\/fr\/#website","url":"https:\/\/trans-nomad.com\/fr\/","name":"Trans-Nomad I 2025. The best blind backcountry race in the Pyrenees","description":"Trans-Nomad. Le meilleur de l&#039;aventure et de la comp\u00e9tition par \u00e9tapes dans les Pyr\u00e9n\u00e9es dans un style enduro backcountry.","publisher":{"@id":"https:\/\/trans-nomad.com\/fr\/#organization"},"potentialAction":[{"@type":"SearchAction","target":{"@type":"EntryPoint","urlTemplate":"https:\/\/trans-nomad.com\/fr\/?s={search_term_string}"},"query-input":{"@type":"PropertyValueSpecification","valueRequired":true,"valueName":"search_term_string"}}],"inLanguage":"fr-FR"},{"@type":"Organization","@id":"https:\/\/trans-nomad.com\/fr\/#organization","name":"Trans-Nomad","url":"https:\/\/trans-nomad.com\/fr\/","logo":{"@type":"ImageObject","inLanguage":"fr-FR","@id":"https:\/\/trans-nomad.com\/fr\/#\/schema\/logo\/image\/","url":"https:\/\/trans-nomad.com\/wp-content\/uploads\/2020\/02\/logo-trans-nomad-orbea.png","contentUrl":"https:\/\/trans-nomad.com\/wp-content\/uploads\/2020\/02\/logo-trans-nomad-orbea.png","width":160,"height":90,"caption":"Trans-Nomad"},"image":{"@id":"https:\/\/trans-nomad.com\/fr\/#\/schema\/logo\/image\/"},"sameAs":["https:\/\/www.facebook.com\/TransNomadBaseCamp\/","https:\/\/www.instagram.com\/transnomad\/","https:\/\/www.youtube.com\/channel\/UC-RDOWWyDat6MulwPOtKYmQ"]}]}},"_links":{"self":[{"href":"https:\/\/trans-nomad.com\/fr\/wp-json\/wp\/v2\/pages\/7553","targetHints":{"allow":["GET"]}}],"collection":[{"href":"https:\/\/trans-nomad.com\/fr\/wp-json\/wp\/v2\/pages"}],"about":[{"href":"https:\/\/trans-nomad.com\/fr\/wp-json\/wp\/v2\/types\/page"}],"author":[{"embeddable":true,"href":"https:\/\/trans-nomad.com\/fr\/wp-json\/wp\/v2\/users\/1"}],"replies":[{"embeddable":true,"href":"https:\/\/trans-nomad.com\/fr\/wp-json\/wp\/v2\/comments?post=7553"}],"version-history":[{"count":8,"href":"https:\/\/trans-nomad.com\/fr\/wp-json\/wp\/v2\/pages\/7553\/revisions"}],"predecessor-version":[{"id":13606,"href":"https:\/\/trans-nomad.com\/fr\/wp-json\/wp\/v2\/pages\/7553\/revisions\/13606"}],"wp:attachment":[{"href":"https:\/\/trans-nomad.com\/fr\/wp-json\/wp\/v2\/media?parent=7553"}],"curies":[{"name":"wp","href":"https:\/\/api.w.org\/{rel}","templated":true}]}}