{"id":7551,"date":"2020-02-25T16:58:38","date_gmt":"2020-02-25T15:58:38","guid":{"rendered":"https:\/\/trans-nomad.com\/?page_id=7551"},"modified":"2025-04-06T18:57:01","modified_gmt":"2025-04-06T16:57:01","slug":"contact","status":"publish","type":"page","link":"https:\/\/trans-nomad.com\/fr\/contact\/","title":{"rendered":"Contact"},"content":{"rendered":"\t\t<div data-elementor-type=\"wp-page\" data-elementor-id=\"7551\" class=\"elementor elementor-7551 elementor-891\" data-elementor-post-type=\"page\">\n\t\t\t\t\t\t<section class=\"elementor-section elementor-top-section elementor-element elementor-element-1d20988 tablet-mobile-margin elementor-section-boxed elementor-section-height-default elementor-section-height-default\" data-id=\"1d20988\" data-element_type=\"section\">\n\t\t\t\t\t\t<div class=\"elementor-container elementor-column-gap-default\">\n\t\t\t\t\t<div class=\"elementor-column elementor-col-100 elementor-top-column elementor-element elementor-element-5afd4e8\" data-id=\"5afd4e8\" data-element_type=\"column\">\n\t\t\t<div class=\"elementor-widget-wrap elementor-element-populated\">\n\t\t\t\t\t\t<div class=\"elementor-element elementor-element-a995661 elementor-widget elementor-widget-global elementor-global-569 elementor-widget-heading\" data-id=\"a995661\" data-element_type=\"widget\" data-widget_type=\"heading.default\">\n\t\t\t\t<div class=\"elementor-widget-container\">\n\t\t\t\t\t<h1 class=\"elementor-heading-title elementor-size-default\">Contact<\/h1>\t\t\t\t<\/div>\n\t\t\t\t<\/div>\n\t\t\t\t\t<\/div>\n\t\t<\/div>\n\t\t\t\t\t<\/div>\n\t\t<\/section>\n\t\t\t\t<section class=\"elementor-section elementor-top-section elementor-element elementor-element-c818ae7 elementor-section-boxed elementor-section-height-default elementor-section-height-default\" data-id=\"c818ae7\" data-element_type=\"section\">\n\t\t\t\t\t\t<div class=\"elementor-container elementor-column-gap-default\">\n\t\t\t\t\t<div class=\"elementor-column elementor-col-50 elementor-top-column elementor-element elementor-element-468bfdb tablet-mobile-margin\" data-id=\"468bfdb\" data-element_type=\"column\">\n\t\t\t<div class=\"elementor-widget-wrap elementor-element-populated\">\n\t\t\t\t\t\t<div class=\"elementor-element elementor-element-5d9a719 elementor-widget elementor-widget-text-editor\" data-id=\"5d9a719\" data-element_type=\"widget\" data-widget_type=\"text-editor.default\">\n\t\t\t\t<div class=\"elementor-widget-container\">\n\t\t\t\t\t\t\t\t\t<p>Tu peux contacter avec nous par t\u00e9l\u00e9phone \/ whatsapp.<\/p>\t\t\t\t\t\t\t\t<\/div>\n\t\t\t\t<\/div>\n\t\t\t\t<div class=\"elementor-element elementor-element-879e55f elementor-tablet-align-center elementor-icon-list--layout-traditional elementor-list-item-link-full_width elementor-widget elementor-widget-icon-list\" data-id=\"879e55f\" data-element_type=\"widget\" data-widget_type=\"icon-list.default\">\n\t\t\t\t<div class=\"elementor-widget-container\">\n\t\t\t\t\t\t\t<ul class=\"elementor-icon-list-items\">\n\t\t\t\t\t\t\t<li class=\"elementor-icon-list-item\">\n\t\t\t\t\t\t\t\t\t\t\t<a href=\"tel:+34638224760\">\n\n\t\t\t\t\t\t\t\t\t\t\t\t<span class=\"elementor-icon-list-icon\">\n\t\t\t\t\t\t\t<i aria-hidden=\"true\" class=\"fas fa-phone\"><\/i>\t\t\t\t\t\t<\/span>\n\t\t\t\t\t\t\t\t\t\t<span class=\"elementor-icon-list-text\">T\u00e9l\u00e9phone <strong>+34 638 22 47 60<\/strong><\/span>\n\t\t\t\t\t\t\t\t\t\t\t<\/a>\n\t\t\t\t\t\t\t\t\t<\/li>\n\t\t\t\t\t\t\t\t<li class=\"elementor-icon-list-item\">\n\t\t\t\t\t\t\t\t\t\t\t<a href=\"https:\/\/wa.me\/34638224760\">\n\n\t\t\t\t\t\t\t\t\t\t\t\t<span class=\"elementor-icon-list-icon\">\n\t\t\t\t\t\t\t<i aria-hidden=\"true\" class=\"fab fa-whatsapp\"><\/i>\t\t\t\t\t\t<\/span>\n\t\t\t\t\t\t\t\t\t\t<span class=\"elementor-icon-list-text\">Whatsapp <strong>+34 638 22 47 60<\/strong><\/span>\n\t\t\t\t\t\t\t\t\t\t\t<\/a>\n\t\t\t\t\t\t\t\t\t<\/li>\n\t\t\t\t\t\t<\/ul>\n\t\t\t\t\t\t<\/div>\n\t\t\t\t<\/div>\n\t\t\t\t<div class=\"elementor-element elementor-element-c9c0dea elementor-widget elementor-widget-text-editor\" data-id=\"c9c0dea\" data-element_type=\"widget\" data-widget_type=\"text-editor.default\">\n\t\t\t\t<div class=\"elementor-widget-container\">\n\t\t\t\t\t\t\t\t\t<p>Tu peux aussi nous \u00e9crire par mail. Si tu n&rsquo;est pas s\u00fbr d&rsquo;\u00e0 quelle adresse te diriger tu peux aussi utiliser notre formulaire.\u00a0<\/p>\t\t\t\t\t\t\t\t<\/div>\n\t\t\t\t<\/div>\n\t\t\t\t<div class=\"elementor-element elementor-element-f92f1f6 elementor-align-left elementor-tablet-align-center elementor-icon-list--layout-traditional elementor-list-item-link-full_width elementor-widget elementor-widget-icon-list\" data-id=\"f92f1f6\" data-element_type=\"widget\" data-widget_type=\"icon-list.default\">\n\t\t\t\t<div class=\"elementor-widget-container\">\n\t\t\t\t\t\t\t<ul class=\"elementor-icon-list-items\">\n\t\t\t\t\t\t\t<li class=\"elementor-icon-list-item\">\n\t\t\t\t\t\t\t\t\t\t\t<a href=\"mailto:info@trans-nomad.com\">\n\n\t\t\t\t\t\t\t\t\t\t\t\t<span class=\"elementor-icon-list-icon\">\n\t\t\t\t\t\t\t<i aria-hidden=\"true\" class=\"fas fa-envelope\"><\/i>\t\t\t\t\t\t<\/span>\n\t\t\t\t\t\t\t\t\t\t<span class=\"elementor-icon-list-text\">info@trans-nomad.com<\/span>\n\t\t\t\t\t\t\t\t\t\t\t<\/a>\n\t\t\t\t\t\t\t\t\t<\/li>\n\t\t\t\t\t\t<\/ul>\n\t\t\t\t\t\t<\/div>\n\t\t\t\t<\/div>\n\t\t\t\t<section class=\"elementor-section elementor-inner-section elementor-element elementor-element-4032302 elementor-section-content-middle elementor-section-boxed elementor-section-height-default elementor-section-height-default\" data-id=\"4032302\" data-element_type=\"section\">\n\t\t\t\t\t\t<div class=\"elementor-container elementor-column-gap-default\">\n\t\t\t\t\t<div class=\"elementor-column elementor-col-50 elementor-inner-column elementor-element elementor-element-52e588b\" data-id=\"52e588b\" data-element_type=\"column\">\n\t\t\t<div class=\"elementor-widget-wrap elementor-element-populated\">\n\t\t\t\t\t\t<div class=\"elementor-element elementor-element-88d8789 elementor-widget elementor-widget-heading\" data-id=\"88d8789\" data-element_type=\"widget\" data-widget_type=\"heading.default\">\n\t\t\t\t<div class=\"elementor-widget-container\">\n\t\t\t\t\t<h4 class=\"elementor-heading-title elementor-size-default\">Suis-nous<\/h4>\t\t\t\t<\/div>\n\t\t\t\t<\/div>\n\t\t\t\t\t<\/div>\n\t\t<\/div>\n\t\t\t\t<div class=\"elementor-column elementor-col-50 elementor-inner-column elementor-element elementor-element-066a010\" data-id=\"066a010\" data-element_type=\"column\">\n\t\t\t<div class=\"elementor-widget-wrap elementor-element-populated\">\n\t\t\t\t\t\t<div class=\"elementor-element elementor-element-9203274 e-grid-align-left e-grid-align-mobile-left elementor-shape-rounded elementor-grid-0 elementor-widget elementor-widget-social-icons\" data-id=\"9203274\" data-element_type=\"widget\" data-widget_type=\"social-icons.default\">\n\t\t\t\t<div class=\"elementor-widget-container\">\n\t\t\t\t\t\t\t<div class=\"elementor-social-icons-wrapper elementor-grid\">\n\t\t\t\t\t\t\t<span class=\"elementor-grid-item\">\n\t\t\t\t\t<a class=\"elementor-icon elementor-social-icon elementor-social-icon-facebook elementor-repeater-item-557f3fc\" href=\"https:\/\/www.facebook.com\/TransNomadBaseCamp\/\" target=\"_blank\">\n\t\t\t\t\t\t<span class=\"elementor-screen-only\">Facebook<\/span>\n\t\t\t\t\t\t<i class=\"fab fa-facebook\"><\/i>\t\t\t\t\t<\/a>\n\t\t\t\t<\/span>\n\t\t\t\t\t\t\t<span class=\"elementor-grid-item\">\n\t\t\t\t\t<a class=\"elementor-icon elementor-social-icon elementor-social-icon-instagram elementor-repeater-item-453d6a9\" href=\"https:\/\/www.instagram.com\/transnomad\/\" target=\"_blank\">\n\t\t\t\t\t\t<span class=\"elementor-screen-only\">Instagram<\/span>\n\t\t\t\t\t\t<i class=\"fab fa-instagram\"><\/i>\t\t\t\t\t<\/a>\n\t\t\t\t<\/span>\n\t\t\t\t\t<\/div>\n\t\t\t\t\t\t<\/div>\n\t\t\t\t<\/div>\n\t\t\t\t\t<\/div>\n\t\t<\/div>\n\t\t\t\t\t<\/div>\n\t\t<\/section>\n\t\t\t\t\t<\/div>\n\t\t<\/div>\n\t\t\t\t<div class=\"elementor-column elementor-col-50 elementor-top-column elementor-element elementor-element-bab0ebd tablet-mobile-margin\" data-id=\"bab0ebd\" data-element_type=\"column\">\n\t\t\t<div class=\"elementor-widget-wrap elementor-element-populated\">\n\t\t\t\t\t\t<div class=\"elementor-element elementor-element-d467cff elementor-widget elementor-widget-shortcode\" data-id=\"d467cff\" data-element_type=\"widget\" data-widget_type=\"shortcode.default\">\n\t\t\t\t<div class=\"elementor-widget-container\">\n\t\t\t\t\t\t\t<div class=\"elementor-shortcode\">\n<div class=\"wpcf7 no-js\" id=\"wpcf7-f9435-o1\" lang=\"es-ES\" dir=\"ltr\" data-wpcf7-id=\"9435\">\n<div class=\"screen-reader-response\"><p role=\"status\" aria-live=\"polite\" aria-atomic=\"true\"><\/p> <ul><\/ul><\/div>\n<form action=\"\/fr\/wp-json\/wp\/v2\/pages\/7551#wpcf7-f9435-o1\" method=\"post\" class=\"wpcf7-form init wpcf7-acceptance-as-validation\" aria-label=\"Formulario de contacto\" novalidate=\"novalidate\" data-status=\"init\">\n<div style=\"display: none;\">\n<input type=\"hidden\" name=\"_wpcf7\" value=\"9435\" \/>\n<input type=\"hidden\" name=\"_wpcf7_version\" value=\"6.0.6\" \/>\n<input type=\"hidden\" name=\"_wpcf7_locale\" value=\"es_ES\" \/>\n<input type=\"hidden\" name=\"_wpcf7_unit_tag\" value=\"wpcf7-f9435-o1\" \/>\n<input type=\"hidden\" name=\"_wpcf7_container_post\" value=\"0\" \/>\n<input type=\"hidden\" name=\"_wpcf7_posted_data_hash\" value=\"\" \/>\n<input type=\"hidden\" name=\"_wpcf7_recaptcha_response\" value=\"\" \/>\n<\/div>\n<p><label for=\"your-name\">Pr\u00e9nom<abbr class=\"required\" title=\"obligatoire\">*<\/abbr><\/label><br \/>\n<span class=\"wpcf7-form-control-wrap\" data-name=\"your-name\"><input size=\"40\" maxlength=\"400\" class=\"wpcf7-form-control wpcf7-text wpcf7-validates-as-required\" id=\"your-name\" autocomplete=\"name\" aria-required=\"true\" aria-invalid=\"false\" placeholder=\"Pr\u00e9nom complet\" value=\"\" type=\"text\" name=\"your-name\" \/><\/span>\n<\/p>\n<p><label for=\"your-phone\">T\u00e9l\u00e9phone<\/label><br \/>\n<span class=\"wpcf7-form-control-wrap\" data-name=\"your-phone\"><input size=\"40\" maxlength=\"400\" class=\"wpcf7-form-control wpcf7-tel wpcf7-text wpcf7-validates-as-tel\" id=\"your-phone\" autocomplete=\"tel\" aria-invalid=\"false\" placeholder=\"Ton num\u00e9ro de t\u00e9l\u00e9phone\" value=\"\" type=\"tel\" name=\"your-phone\" \/><\/span>\n<\/p>\n<p><label for=\"your-email\">Courrier \u00e9lectronique<abbr class=\"required\" title=\"obligatoire\">*<\/abbr><\/label><br \/>\n<span class=\"wpcf7-form-control-wrap\" data-name=\"your-email\"><input size=\"40\" maxlength=\"400\" class=\"wpcf7-form-control wpcf7-email wpcf7-validates-as-required wpcf7-text wpcf7-validates-as-email\" id=\"your-email\" autocomplete=\"email\" aria-required=\"true\" aria-invalid=\"false\" placeholder=\"Ton courrier \u00e9lectronique\" value=\"\" type=\"email\" name=\"your-email\" \/><\/span>\n<\/p>\n<p><label for=\"your-message\">Message<\/label><br \/>\n<span class=\"wpcf7-form-control-wrap\" data-name=\"your-message\"><textarea cols=\"40\" rows=\"10\" maxlength=\"2000\" class=\"wpcf7-form-control wpcf7-textarea\" id=\"your-message\" aria-invalid=\"false\" placeholder=\"Raconte-nous comment est-ce que nous pouvons t\u2019aider ou sollicite de l\u2019information par rapport \u00e0 un service.\" name=\"your-message\"><\/textarea><\/span>\n<\/p>\n<p>\t\t<div data-elementor-type=\"page\" data-elementor-id=\"9713\" class=\"elementor elementor-9713 elementor-9711\" data-elementor-post-type=\"elementor_library\">\n\t\t\t\t\t\t<section class=\"elementor-section elementor-top-section elementor-element elementor-element-f8bba1d elementor-section-boxed elementor-section-height-default elementor-section-height-default\" data-id=\"f8bba1d\" data-element_type=\"section\">\n\t\t\t\t\t\t<div class=\"elementor-container elementor-column-gap-default\">\n\t\t\t\t\t<div class=\"elementor-column elementor-col-100 elementor-top-column elementor-element elementor-element-8a18df1\" data-id=\"8a18df1\" data-element_type=\"column\">\n\t\t\t<div class=\"elementor-widget-wrap elementor-element-populated\">\n\t\t\t\t\t\t<div class=\"elementor-element elementor-element-7d5c3a8 elementor-widget elementor-widget-button\" data-id=\"7d5c3a8\" data-element_type=\"widget\" data-widget_type=\"button.default\">\n\t\t\t\t<div class=\"elementor-widget-container\">\n\t\t\t\t\t\t\t\t\t<div class=\"elementor-button-wrapper\">\n\t\t\t\t\t<a class=\"elementor-button elementor-button-link elementor-size-sm\" href=\"#elementor-action%3Aaction%3Dpopup%3Aopen%26settings%3DeyJpZCI6OTcwNywidG9nZ2xlIjpmYWxzZX0%3D\">\n\t\t\t\t\t\t<span class=\"elementor-button-content-wrapper\">\n\t\t\t\t\t\t<span class=\"elementor-button-icon\">\n\t\t\t\t<i aria-hidden=\"true\" class=\"fas fa-info-circle\"><\/i>\t\t\t<\/span>\n\t\t\t\t\t\t\t\t\t<span class=\"elementor-button-text\">+ Info sur la politique de confidentialit\u00e9<\/span>\n\t\t\t\t\t<\/span>\n\t\t\t\t\t<\/a>\n\t\t\t\t<\/div>\n\t\t\t\t\t\t\t\t<\/div>\n\t\t\t\t<\/div>\n\t\t\t\t\t<\/div>\n\t\t<\/div>\n\t\t\t\t\t<\/div>\n\t\t<\/section>\n\t\t\t\t<\/div>\n\t\t\n<\/p>\n<p><span class=\"wpcf7-form-control-wrap\" data-name=\"acceptance-100\"><span class=\"wpcf7-form-control wpcf7-acceptance\"><span class=\"wpcf7-list-item\"><label><input type=\"checkbox\" name=\"acceptance-100\" value=\"1\" aria-invalid=\"false\" \/><span class=\"wpcf7-list-item-label\">J\u2019accepte l'<a href=\"https:\/\/trans-nomad.com\/aviso-legal\/\">Mention l\u00e9gale<\/a> et la <a href=\"https:\/\/trans-nomad.com\/politica-privacidad\/\">Politique de confidentialit\u00e9<\/a>.<\/span><\/label><\/span><\/span><\/span>\n<\/p>\n<div class=\"wpcf7-response-output\" aria-hidden=\"true\"><\/div>\n<p class=\"wrapper-wpcf7\"><button type=\"submit\" class=\"wpcf7-submit\"><i class=\"fas fa-paper-plane\"><\/i>&nbsp;Envoyer message<\/button>\n<\/p>\n<p class=\"wpcf7-legend\">Les champs marqu\u00e9s avec <abbr class=\"required\" title=\"obligatorio\">*<\/abbr> sont n\u00e9cessaires pour finaliser le proc\u00e8s.\n<\/p>\n<\/form>\n<\/div>\n<\/div>\n\t\t\t\t\t\t<\/div>\n\t\t\t\t<\/div>\n\t\t\t\t\t<\/div>\n\t\t<\/div>\n\t\t\t\t\t<\/div>\n\t\t<\/section>\n\t\t\t\t<\/div>\n\t\t","protected":false},"excerpt":{"rendered":"<p>Tu peux contacter avec nous par t\u00e9l\u00e9phone \/ whatsapp. T\u00e9l\u00e9phone +34 638 22 47 60 Whatsapp +34 638 22 47 60 Tu peux aussi nous \u00e9crire par mail. Si tu n&rsquo;est pas s\u00fbr d&rsquo;\u00e0 quelle adresse te diriger tu peux aussi utiliser notre formulaire.\u00a0 info@trans-nomad.com Suis-nous Facebook Instagram<\/p>\n","protected":false},"author":1,"featured_media":0,"parent":0,"menu_order":0,"comment_status":"closed","ping_status":"closed","template":"","meta":{"site-sidebar-layout":"no-sidebar","site-content-layout":"page-builder","ast-site-content-layout":"","site-content-style":"default","site-sidebar-style":"default","ast-global-header-display":"","ast-banner-title-visibility":"","ast-main-header-display":"","ast-hfb-above-header-display":"","ast-hfb-below-header-display":"","ast-hfb-mobile-header-display":"","site-post-title":"disabled","ast-breadcrumbs-content":"","ast-featured-img":"disabled","footer-sml-layout":"","theme-transparent-header-meta":"default","adv-header-id-meta":"","stick-header-meta":"","header-above-stick-meta":"","header-main-stick-meta":"","header-below-stick-meta":"","astra-migrate-meta-layouts":"default","ast-page-background-enabled":"default","ast-page-background-meta":{"desktop":{"background-color":"var(--ast-global-color-4)","background-image":"","background-repeat":"repeat","background-position":"center center","background-size":"auto","background-attachment":"scroll","background-type":"","background-media":"","overlay-type":"","overlay-color":"","overlay-opacity":"","overlay-gradient":""},"tablet":{"background-color":"","background-image":"","background-repeat":"repeat","background-position":"center center","background-size":"auto","background-attachment":"scroll","background-type":"","background-media":"","overlay-type":"","overlay-color":"","overlay-opacity":"","overlay-gradient":""},"mobile":{"background-color":"","background-image":"","background-repeat":"repeat","background-position":"center center","background-size":"auto","background-attachment":"scroll","background-type":"","background-media":"","overlay-type":"","overlay-color":"","overlay-opacity":"","overlay-gradient":""}},"ast-content-background-meta":{"desktop":{"background-color":"var(--ast-global-color-5)","background-image":"","background-repeat":"repeat","background-position":"center center","background-size":"auto","background-attachment":"scroll","background-type":"","background-media":"","overlay-type":"","overlay-color":"","overlay-opacity":"","overlay-gradient":""},"tablet":{"background-color":"var(--ast-global-color-5)","background-image":"","background-repeat":"repeat","background-position":"center center","background-size":"auto","background-attachment":"scroll","background-type":"","background-media":"","overlay-type":"","overlay-color":"","overlay-opacity":"","overlay-gradient":""},"mobile":{"background-color":"var(--ast-global-color-5)","background-image":"","background-repeat":"repeat","background-position":"center center","background-size":"auto","background-attachment":"scroll","background-type":"","background-media":"","overlay-type":"","overlay-color":"","overlay-opacity":"","overlay-gradient":""}},"footnotes":""},"class_list":["post-7551","page","type-page","status-publish","hentry"],"yoast_head":"<!-- This site is optimized with the Yoast SEO plugin v25.0 - https:\/\/yoast.com\/wordpress\/plugins\/seo\/ -->\n<title>Contact | Trans-Nomad I La meilleure course de fond en aveugle des Pyr\u00e9n\u00e9es.<\/title>\n<meta name=\"robots\" content=\"index, follow, max-snippet:-1, max-image-preview:large, max-video-preview:-1\" \/>\n<link rel=\"canonical\" href=\"https:\/\/trans-nomad.com\/fr\/contact\/\" \/>\n<meta property=\"og:locale\" content=\"fr_FR\" \/>\n<meta property=\"og:type\" content=\"article\" \/>\n<meta property=\"og:title\" content=\"Contact | Trans-Nomad I La meilleure course de fond en aveugle des Pyr\u00e9n\u00e9es.\" \/>\n<meta property=\"og:description\" content=\"Tu peux contacter avec nous par t\u00e9l\u00e9phone \/ whatsapp. T\u00e9l\u00e9phone +34 638 22 47 60 Whatsapp +34 638 22 47 60 Tu peux aussi nous \u00e9crire par mail. Si tu n&rsquo;est pas s\u00fbr d&rsquo;\u00e0 quelle adresse te diriger tu peux aussi utiliser notre formulaire.\u00a0 info@trans-nomad.com Suis-nous Facebook Instagram\" \/>\n<meta property=\"og:url\" content=\"https:\/\/trans-nomad.com\/fr\/contact\/\" \/>\n<meta property=\"og:site_name\" content=\"Trans-Nomad I La meilleure course de fond en aveugle des Pyr\u00e9n\u00e9es.\" \/>\n<meta property=\"article:publisher\" content=\"https:\/\/www.facebook.com\/TransNomadBaseCamp\/\" \/>\n<meta property=\"article:modified_time\" content=\"2025-04-06T16:57:01+00:00\" \/>\n<meta property=\"og:image\" content=\"https:\/\/trans-nomad.com\/wp-content\/uploads\/2020\/02\/logo-trans-nomad-orbea.png\" \/>\n\t<meta property=\"og:image:width\" content=\"160\" \/>\n\t<meta property=\"og:image:height\" content=\"90\" \/>\n\t<meta property=\"og:image:type\" content=\"image\/png\" \/>\n<meta name=\"twitter:card\" content=\"summary_large_image\" \/>\n<meta name=\"twitter:label1\" content=\"Dur\u00e9e de lecture estim\u00e9e\" \/>\n\t<meta name=\"twitter:data1\" content=\"1 minute\" \/>\n<script type=\"application\/ld+json\" class=\"yoast-schema-graph\">{\"@context\":\"https:\/\/schema.org\",\"@graph\":[{\"@type\":\"WebPage\",\"@id\":\"https:\/\/trans-nomad.com\/fr\/contact\/\",\"url\":\"https:\/\/trans-nomad.com\/fr\/contact\/\",\"name\":\"Contact | Trans-Nomad I La meilleure course de fond en aveugle des Pyr\u00e9n\u00e9es.\",\"isPartOf\":{\"@id\":\"https:\/\/trans-nomad.com\/fr\/#website\"},\"datePublished\":\"2020-02-25T15:58:38+00:00\",\"dateModified\":\"2025-04-06T16:57:01+00:00\",\"breadcrumb\":{\"@id\":\"https:\/\/trans-nomad.com\/fr\/contact\/#breadcrumb\"},\"inLanguage\":\"fr-FR\",\"potentialAction\":[{\"@type\":\"ReadAction\",\"target\":[\"https:\/\/trans-nomad.com\/fr\/contact\/\"]}]},{\"@type\":\"BreadcrumbList\",\"@id\":\"https:\/\/trans-nomad.com\/fr\/contact\/#breadcrumb\",\"itemListElement\":[{\"@type\":\"ListItem\",\"position\":1,\"name\":\"Portada\",\"item\":\"https:\/\/trans-nomad.com\/fr\/\"},{\"@type\":\"ListItem\",\"position\":2,\"name\":\"Contact\"}]},{\"@type\":\"WebSite\",\"@id\":\"https:\/\/trans-nomad.com\/fr\/#website\",\"url\":\"https:\/\/trans-nomad.com\/fr\/\",\"name\":\"Trans-Nomad I 2025. The best blind backcountry race in the Pyrenees\",\"description\":\"Trans-Nomad. Le meilleur de l&#039;aventure et de la comp\u00e9tition par \u00e9tapes dans les Pyr\u00e9n\u00e9es dans un style enduro backcountry.\",\"publisher\":{\"@id\":\"https:\/\/trans-nomad.com\/fr\/#organization\"},\"potentialAction\":[{\"@type\":\"SearchAction\",\"target\":{\"@type\":\"EntryPoint\",\"urlTemplate\":\"https:\/\/trans-nomad.com\/fr\/?s={search_term_string}\"},\"query-input\":{\"@type\":\"PropertyValueSpecification\",\"valueRequired\":true,\"valueName\":\"search_term_string\"}}],\"inLanguage\":\"fr-FR\"},{\"@type\":\"Organization\",\"@id\":\"https:\/\/trans-nomad.com\/fr\/#organization\",\"name\":\"Trans-Nomad\",\"url\":\"https:\/\/trans-nomad.com\/fr\/\",\"logo\":{\"@type\":\"ImageObject\",\"inLanguage\":\"fr-FR\",\"@id\":\"https:\/\/trans-nomad.com\/fr\/#\/schema\/logo\/image\/\",\"url\":\"https:\/\/trans-nomad.com\/wp-content\/uploads\/2020\/02\/logo-trans-nomad-orbea.png\",\"contentUrl\":\"https:\/\/trans-nomad.com\/wp-content\/uploads\/2020\/02\/logo-trans-nomad-orbea.png\",\"width\":160,\"height\":90,\"caption\":\"Trans-Nomad\"},\"image\":{\"@id\":\"https:\/\/trans-nomad.com\/fr\/#\/schema\/logo\/image\/\"},\"sameAs\":[\"https:\/\/www.facebook.com\/TransNomadBaseCamp\/\",\"https:\/\/www.instagram.com\/transnomad\/\",\"https:\/\/www.youtube.com\/channel\/UC-RDOWWyDat6MulwPOtKYmQ\"]}]}<\/script>\n<!-- \/ Yoast SEO plugin. -->","yoast_head_json":{"title":"Contact | Trans-Nomad I La meilleure course de fond en aveugle des Pyr\u00e9n\u00e9es.","robots":{"index":"index","follow":"follow","max-snippet":"max-snippet:-1","max-image-preview":"max-image-preview:large","max-video-preview":"max-video-preview:-1"},"canonical":"https:\/\/trans-nomad.com\/fr\/contact\/","og_locale":"fr_FR","og_type":"article","og_title":"Contact | Trans-Nomad I La meilleure course de fond en aveugle des Pyr\u00e9n\u00e9es.","og_description":"Tu peux contacter avec nous par t\u00e9l\u00e9phone \/ whatsapp. T\u00e9l\u00e9phone +34 638 22 47 60 Whatsapp +34 638 22 47 60 Tu peux aussi nous \u00e9crire par mail. Si tu n&rsquo;est pas s\u00fbr d&rsquo;\u00e0 quelle adresse te diriger tu peux aussi utiliser notre formulaire.\u00a0 info@trans-nomad.com Suis-nous Facebook Instagram","og_url":"https:\/\/trans-nomad.com\/fr\/contact\/","og_site_name":"Trans-Nomad I La meilleure course de fond en aveugle des Pyr\u00e9n\u00e9es.","article_publisher":"https:\/\/www.facebook.com\/TransNomadBaseCamp\/","article_modified_time":"2025-04-06T16:57:01+00:00","og_image":[{"width":160,"height":90,"url":"https:\/\/trans-nomad.com\/wp-content\/uploads\/2020\/02\/logo-trans-nomad-orbea.png","type":"image\/png"}],"twitter_card":"summary_large_image","twitter_misc":{"Dur\u00e9e de lecture estim\u00e9e":"1 minute"},"schema":{"@context":"https:\/\/schema.org","@graph":[{"@type":"WebPage","@id":"https:\/\/trans-nomad.com\/fr\/contact\/","url":"https:\/\/trans-nomad.com\/fr\/contact\/","name":"Contact | Trans-Nomad I La meilleure course de fond en aveugle des Pyr\u00e9n\u00e9es.","isPartOf":{"@id":"https:\/\/trans-nomad.com\/fr\/#website"},"datePublished":"2020-02-25T15:58:38+00:00","dateModified":"2025-04-06T16:57:01+00:00","breadcrumb":{"@id":"https:\/\/trans-nomad.com\/fr\/contact\/#breadcrumb"},"inLanguage":"fr-FR","potentialAction":[{"@type":"ReadAction","target":["https:\/\/trans-nomad.com\/fr\/contact\/"]}]},{"@type":"BreadcrumbList","@id":"https:\/\/trans-nomad.com\/fr\/contact\/#breadcrumb","itemListElement":[{"@type":"ListItem","position":1,"name":"Portada","item":"https:\/\/trans-nomad.com\/fr\/"},{"@type":"ListItem","position":2,"name":"Contact"}]},{"@type":"WebSite","@id":"https:\/\/trans-nomad.com\/fr\/#website","url":"https:\/\/trans-nomad.com\/fr\/","name":"Trans-Nomad I 2025. The best blind backcountry race in the Pyrenees","description":"Trans-Nomad. Le meilleur de l&#039;aventure et de la comp\u00e9tition par \u00e9tapes dans les Pyr\u00e9n\u00e9es dans un style enduro backcountry.","publisher":{"@id":"https:\/\/trans-nomad.com\/fr\/#organization"},"potentialAction":[{"@type":"SearchAction","target":{"@type":"EntryPoint","urlTemplate":"https:\/\/trans-nomad.com\/fr\/?s={search_term_string}"},"query-input":{"@type":"PropertyValueSpecification","valueRequired":true,"valueName":"search_term_string"}}],"inLanguage":"fr-FR"},{"@type":"Organization","@id":"https:\/\/trans-nomad.com\/fr\/#organization","name":"Trans-Nomad","url":"https:\/\/trans-nomad.com\/fr\/","logo":{"@type":"ImageObject","inLanguage":"fr-FR","@id":"https:\/\/trans-nomad.com\/fr\/#\/schema\/logo\/image\/","url":"https:\/\/trans-nomad.com\/wp-content\/uploads\/2020\/02\/logo-trans-nomad-orbea.png","contentUrl":"https:\/\/trans-nomad.com\/wp-content\/uploads\/2020\/02\/logo-trans-nomad-orbea.png","width":160,"height":90,"caption":"Trans-Nomad"},"image":{"@id":"https:\/\/trans-nomad.com\/fr\/#\/schema\/logo\/image\/"},"sameAs":["https:\/\/www.facebook.com\/TransNomadBaseCamp\/","https:\/\/www.instagram.com\/transnomad\/","https:\/\/www.youtube.com\/channel\/UC-RDOWWyDat6MulwPOtKYmQ"]}]}},"_links":{"self":[{"href":"https:\/\/trans-nomad.com\/fr\/wp-json\/wp\/v2\/pages\/7551","targetHints":{"allow":["GET"]}}],"collection":[{"href":"https:\/\/trans-nomad.com\/fr\/wp-json\/wp\/v2\/pages"}],"about":[{"href":"https:\/\/trans-nomad.com\/fr\/wp-json\/wp\/v2\/types\/page"}],"author":[{"embeddable":true,"href":"https:\/\/trans-nomad.com\/fr\/wp-json\/wp\/v2\/users\/1"}],"replies":[{"embeddable":true,"href":"https:\/\/trans-nomad.com\/fr\/wp-json\/wp\/v2\/comments?post=7551"}],"version-history":[{"count":13,"href":"https:\/\/trans-nomad.com\/fr\/wp-json\/wp\/v2\/pages\/7551\/revisions"}],"predecessor-version":[{"id":13982,"href":"https:\/\/trans-nomad.com\/fr\/wp-json\/wp\/v2\/pages\/7551\/revisions\/13982"}],"wp:attachment":[{"href":"https:\/\/trans-nomad.com\/fr\/wp-json\/wp\/v2\/media?parent=7551"}],"curies":[{"name":"wp","href":"https:\/\/api.w.org\/{rel}","templated":true}]}}