{"id":9351,"date":"2020-03-10T13:43:36","date_gmt":"2020-03-10T12:43:36","guid":{"rendered":"https:\/\/trans-nomad.com\/?page_id=9351"},"modified":"2020-03-11T19:38:40","modified_gmt":"2020-03-11T18:38:40","slug":"cookies-policy","status":"publish","type":"page","link":"https:\/\/trans-nomad.com\/en\/cookies-policy\/","title":{"rendered":"Cookies policy"},"content":{"rendered":"<p>En cumplimiento con lo establecido en la Ley 34\/2002 de 11 de Julio, de Servicios de la Sociedad de la Informaci\u00f3n y el Comercio Electr\u00f3nico (LSSICE), se informa de los siguientes aspectos legales:<\/p><h3 class=\"wp-block-heading\">PROPIEDAD DEL SITIO WEB<\/h3><ul class=\"wp-block-list\">\r\n<li>Responsable: TRANS-NOMAD, S.L. &#8211; NIF\/DNI B94148897 &#8211; TRANS-NOMAD<\/li>\r\n<li>Direcci\u00f3n: Plaza Unidad Nacional, 7 &#8211; PISO 7 B. 22001, Huesca (Huesca), Espa\u00f1a<\/li>\r\n<li>Contacto: Tel. 638224760 &#8211; Email: <a href=\"mailto:info@trans-nomad.com\">info@trans-nomad.com<\/a><\/li>\r\n<li>Datos de registro: Inscrita en el Registro Mercantil de Huesca, Tomo 671, Libro 0, Folio 108, Hoja HU-13937, INSCRIP. 2<\/li>\r\n<li>Actividad: Organizaci\u00f3n de eventos<\/li>\r\n<\/ul><h3 class=\"wp-block-heading\">INFORMACI\u00d3N Y TERMINOLOG\u00cdAS<\/h3><p>Las cookies son archivos peque\u00f1os que las p\u00e1ginas web, tiendas online, intranets, plataformas online o similares, almacenan en el navegador del usuario que las visita y resultan necesarios para aportar a la navegaci\u00f3n web innumerables ventajas en la prestaci\u00f3n de servicios interactivos.<\/p><p>La siguiente informaci\u00f3n de los tipos posibles de cookies ayuda a comprender mejor las funciones que hacen posible:<\/p><h4 class=\"wp-block-heading\">Cookies de sesi\u00f3n<\/h4><p>Son cookies temporales que permanecen en el espacio de cookies de su equipo hasta que cierra el navegador, por lo que ninguna queda registrada en el disco del usuario. La informaci\u00f3n obtenida por medio de estas cookies sirve para hacer posible la gesti\u00f3n operativa con cada uno de los usuarios que est\u00e1 accediendo de forma simult\u00e1nea a la web.<\/p><h4 class=\"wp-block-heading\">Cookies persistentes<\/h4><p>Son cookies que permanecen almacenadas en el espacio de cookies de su equipo una vez cerrado el navegador, y que volver\u00e1 a consultar dicha p\u00e1gina web la pr\u00f3xima vez que acceda a ella para recordar informaci\u00f3n que facilite la navegaci\u00f3n (acceder directamente al servicio sin necesidad de hacer el proceso de login) o la prestaci\u00f3n de un servicio comercial (ofrecer aquellos productos o servicios relacionados con anteriores visitas).<\/p><p>Las cookies intercambiadas al navegar por una p\u00e1gina web pueden ser:<\/p><h4 class=\"wp-block-heading\">Cookies de origen o propias<\/h4><p>Son cookies generadas por la propia p\u00e1gina web que se est\u00e1 visitando.<\/p><h4 class=\"wp-block-heading\">Cookies de terceros<\/h4><p>Son cookies que se reciben al navegar por esa p\u00e1gina web, pero que han sido generadas por un tercer servicio que se encuentra hospedado en ella. Un ejemplo puede ser la cookie empleada por un anuncio o banner de publicidad que se encuentra en la p\u00e1gina web que visitamos. Otro puede ser la cookie empleada por un contador de visitantes contratado por la p\u00e1gina web que visitamos.<\/p><p>Las cookies pueden ser usadas para:<\/p><h4 class=\"wp-block-heading\">Fines t\u00e9cnicos<\/h4><p>Son las denominadas tambi\u00e9n \u201cestrictamente necesarias\u201d. Permiten al usuario la navegaci\u00f3n a trav\u00e9s de una p\u00e1gina web, plataforma o aplicaci\u00f3n y la utilizaci\u00f3n de las diferentes opciones o servicios que en ella existan como, por ejemplo, controlar el tr\u00e1 co y la comunicaci\u00f3n de datos, identi car la sesi\u00f3n, acceder a partes de acceso restringido, recordar los elementos que integran un pedido, realizar el proceso de compra de un pedido, realizar la solicitud de inscripci\u00f3n o participaci\u00f3n en un evento, utilizar elementos de seguridad durante la navegaci\u00f3n, almacenar contenidos para la difusi\u00f3n de videos o sonido o compartir contenidos a trav\u00e9s de redes sociales.<\/p><h4 class=\"wp-block-heading\">Personalizaci\u00f3n<\/h4><p>Hacen posible que cada usuario pueda con gurar aspectos como el lenguaje en el que desea ver la p\u00e1gina web, formatos de visualizaci\u00f3n, etc.<\/p><h4 class=\"wp-block-heading\">An\u00e1lisis o rendimiento<\/h4><p>Permiten medir el n\u00famero de visitas y criterios de navegaci\u00f3n de diferentes \u00e1reas de la web, aplicaci\u00f3n o plataforma y nos permite elaborar per les de navegaci\u00f3n de los usuarios de dichos sitios, aplicaciones y plataformas, con el n de introducir mejoras en funci\u00f3n del an\u00e1lisis de los datos de uso recabados que hacen los usuarios del servicio.<\/p><h4 class=\"wp-block-heading\">Publicidad<\/h4><p>Permiten implementar par\u00e1metros de e ciencia en la publicidad ofrecida en las p\u00e1ginas web.<\/p><h4 class=\"wp-block-heading\">Publicidad comportamental<\/h4><p>Permiten implementar par\u00e1metros de e ciencia en la publicidad ofrecida en las p\u00e1ginas web, basados en informaci\u00f3n sobre el comportamiento de los usuarios obtenido a trav\u00e9s de la observaci\u00f3n continuada de sus h\u00e1bitos de navegaci\u00f3n, lo que permite desarrollar un per l espec\u00ed co para mostrar publicidad en funci\u00f3n del mismo.<\/p><h3 class=\"wp-block-heading\">ACEPTACI\u00d3N DE LA POL\u00cdTICA DE COOKIES<\/h3><p>El sitio Web deTRANS-NOMAD utiliza cookies para el correcto funcionamiento y visualizaci\u00f3n de los sitios Web por parte del usuario, as\u00ed como la recogida de estad\u00edsticas. En concreto, se utilizan las siguientes cookies:<\/p><h4 class=\"wp-block-heading\">Google Analytics<\/h4><ul class=\"wp-block-list\">\r\n<li><strong>PHPSESSID<\/strong>: cookie t\u00e9cnica y estrictamente necesaria que contiene el identificador de la sesi\u00f3n. Se elimina al cerrar el navegador.<\/li>\r\n<li><strong>cookie_notice_accepted<\/strong>: cookie t\u00e9cnica y estrictamente necesaria que contiene el valor de si se ha aceptado la instalaci\u00f3n de cookies. Caduca en 1 a\u00f1o desde la \u00faltima actualizaci\u00f3n.<\/li>\r\n<li><strong>_ga<\/strong>: cookie de Google Analytics que habilita la funci\u00f3n de control de visitas \u00fanicas. La primera vez que un usuario entre en el sitio web a trav\u00e9s de un navegador se instalar\u00e1 esta cookie. Cuando este usuario vuelva a entrar en la web con el mismo navegador, la cookie considerar\u00e1 que es el mismo usuario. Solo en el caso de que el usuario cambie de navegador, se considerar\u00e1 otro usuario. Caduca a los 2 a\u00f1os desde la \u00faltima actualizaci\u00f3n.<br \/>Para m\u00e1s informaci\u00f3n sobre el tratamiento realizado por Google Analytics <a href=\"https:\/\/support.google.com\/analytics\/answer\/6004245?hl=es-419\" target=\"_blank\" rel=\"noreferrer noopener\">pulse aqu\u00ed<\/a>.<\/li>\r\n<li><strong>_gat<\/strong>: Esta cookie se asocia con Google Analytics. Se utiliza para limitar la velocidad de petici\u00f3n \u2013 la limitaci\u00f3n de la recogida de datos en los sitios de alto tr\u00e1fico. Caduca a los 10 minutos.<\/li>\r\n<li><strong>_gid<\/strong>: Esta cookie se asocia con Google Analytics. Se utiliza para distinguir a los usuarios. Caduca a las 24 horas.<\/li>\r\n<\/ul><h4 class=\"wp-block-heading\">WordPress<\/h4><ul class=\"wp-block-list\">\r\n<li><strong>wordpress_test_cookie<\/strong>: cookie t\u00e9cnica utilizada por WordPress para conocer si tu navegador puede aceptar cookies. Caduca al finalizar la sesi\u00f3n.<\/li>\r\n<li><strong>wp-settings-*<\/strong>: cookie t\u00e9cnica utilizada por WordPress para el almacenar las preferencias del usuario. Caduca en 1 a\u00f1o desde la \u00faltima actualizaci\u00f3n.<\/li>\r\n<li><strong>wp-settings-time-*<\/strong>: cookie t\u00e9cnica utilizada por WordPress para guardar datos de sesi\u00f3n. Caduca en 1 a\u00f1o desde la \u00faltima actualizaci\u00f3n.<\/li>\r\n<li><strong>wordpress_logged_in_{hash}<\/strong>: cookie t\u00e9cnica utilizada por WordPress para gestionar el proceso de autentificaci\u00f3n del usuario. Caduca al finalizar la sesi\u00f3n.<\/li>\r\n<\/ul><h4 class=\"wp-block-heading\">WPML<\/h4><ul class=\"wp-block-list\">\r\n<li><strong>_icl_current_language<\/strong>: cookie t\u00e9cnica utilizada para guardar el idioma actual. Caduca en 24 horas desde la \u00faltima actualizaci\u00f3n.<\/li>\r\n<li><strong>_icl_visitor_lang_js<\/strong>: cookie t\u00e9cnica utilizada para identificar el idioma del navegador del usuario. Caduca en 24 horas desde la \u00faltima actualizaci\u00f3n.<\/li>\r\n<li><strong>wpml_browser_redirect_test<\/strong>: cookie t\u00e9cnica utilizada para redirigir al usuario a la web en el idioma correcto. Caduca al finalizar la sesi\u00f3n.<\/li>\r\n<\/ul><h4 class=\"wp-block-heading\">Woocommerce<\/h4><ul class=\"wp-block-list\">\r\n<li><strong>wp_woocommerce_session_{hash}<\/strong>: cookie t\u00e9cnica utilizada por WooCommerce para gestionar sesiones. Caduca en 48 horas desde la \u00faltima actualizaci\u00f3n.<\/li>\r\n<li><strong>woocommerce_cart_hash<\/strong>: cookie t\u00e9cnica utilizada por WooCommerce para la gestion de carritos de la compra. Caduca al finalizar la sesi\u00f3n.<\/li>\r\n<li><strong>woocommerce_items_in_cart<\/strong>: cookie t\u00e9cnica utilizada por WooCommerce para la gestion de carritos de la compra. Caduca al finalizar la sesi\u00f3n.<\/li>\r\n<li><strong>woocommerce_recently_viewed<\/strong>: cookie t\u00e9cnica utilizada por WooCommerce para almacenar los ultimos productos vistos. Caduca al finalizar la sesi\u00f3n.<\/li>\r\n<\/ul><h3 class=\"wp-block-heading\">SERVICIOS DE TERCEROS<\/h3><p>Adicionalmente, TRANS-NOMAD tiene presencia en portales y servicios de terceros para los que, si desea conocer las condiciones de privacidad y uso de cookies, deber\u00e1n consultarse las pol\u00edticas proporcionadas por los mismos:<\/p><p><strong>Facebook:<\/strong> https:\/\/es-es.facebook.com\/help\/cookies<br \/><strong>Twitter:<\/strong> https:\/\/twitter.com\/privacy<br \/><strong>Youtube:<\/strong> https:\/\/www.google.es\/intl\/es\/policies\/technologies\/cookies\/<br \/><strong>Linkedin:<\/strong> http:\/\/www.linkedin.com\/legal\/privacy-policy<br \/><strong>Google+:<\/strong> https:\/\/www.google.es\/intl\/es\/policies\/technologies\/cookies\/<br \/><strong>Instagram:<\/strong> <a href=\"https:\/\/www.facebook.com\/policies\/cookies\/\">https:\/\/www.facebook.com\/policies\/cookies\/<\/a><\/p><h3 class=\"wp-block-heading\">ACEPTACI\u00d3N DE LA POL\u00cdTICA DE COOKIES<\/h3><p>TRANS-NOMAD muestra informaci\u00f3n sobre su Pol\u00edtica de Cookie en la parte inferior de cualquier p\u00e1gina del sitio Web con cada inicio de sesi\u00f3n con el objeto de que usted sea consciente.<\/p><p>Ante esta informaci\u00f3n es posible llevar a cabo las siguientes acciones:<\/p><ul class=\"wp-block-list\">\r\n<li><strong>Aceptar las cookies:<\/strong>\u00a0No se volver\u00e1 a visualizar este aviso al acceder a cualquier p\u00e1gina del portal durante la presente sesi\u00f3n<\/li>\r\n<li><strong>Modificar la configuraci\u00f3n:\u00a0<\/strong> Podr\u00e1 obtener m\u00e1s informaci\u00f3n sobre c\u00f3mo son las cookies, conocer la Pol\u00edtica de Cookies de\u00a0TRANS-NOMAD y modificar la configuraci\u00f3n de su navegador para restringir o bloquear las cookies de\u00a0TRANS-NOMAD en cualquier momento. En el caso de restringir o bloquear las cookies puede ver reducidas las funcionalidades de la Web.<\/li>\r\n<li><strong>Seguir navegando o moverse por la barra de desplazamiento:<\/strong>\u00a0En cuyo caso consideramos que acepta su uso.<br \/><br \/><\/li>\r\n<\/ul><h3 class=\"wp-block-heading\">C\u00d3MO MODIFICAR LA CONFIGURACI\u00d3N DE LAS COOKIES<\/h3><p>Usted puede restringir, bloquear o borrar las cookies de TRANS-NOMAD o cualquier otra p\u00e1gina web, utilizando su navegador. En cada navegador la operativa es diferente, la funci\u00f3n de &#8220;Ayuda&#8221; le mostrar\u00e1 c\u00f3mo hacerlo:<\/p><p><strong>Internet Explorer:<\/strong> https:\/\/support.microsoft.com\/es-es\/help\/17442\/windows-internet-explorer-delete-manage-cookies#ie=<\/p><p><strong>FireFox:<\/strong> https:\/\/support.mozilla.org\/es\/kb\/Borrar%20cookies<\/p><p><strong>Chrome:<\/strong> support.google.com\/chrome\/answer\/95647?hl=&#8221;es&#8221;<\/p><p><strong>Safari:<\/strong> www.apple.com\/es\/privacy\/use-of-cookies\/<\/p><p>Adem\u00e1s, tambi\u00e9n puede gestionar el almac\u00e9n de cookies en su navegador a trav\u00e9s de herramientas como las siguientes:<\/p><p><strong>Ghostery:<\/strong> www.ghostery.com\/<\/p><p><strong>Your online choices:<\/strong> www.youronlinechoices.com\/es\/<\/p>","protected":false},"excerpt":{"rendered":"<p>En cumplimiento con lo establecido en la Ley 34\/2002 de 11 de Julio, de Servicios de la Sociedad de la Informaci\u00f3n y el Comercio Electr\u00f3nico (LSSICE), se informa de los siguientes aspectos legales: PROPIEDAD DEL SITIO WEB Responsable: TRANS-NOMAD, S.L. &#8211; NIF\/DNI B94148897 &#8211; TRANS-NOMAD Direcci\u00f3n: Plaza Unidad Nacional, 7 &#8211; PISO 7 B. 22001, [&hellip;]<\/p>\n","protected":false},"author":1,"featured_media":0,"parent":0,"menu_order":0,"comment_status":"closed","ping_status":"closed","template":"","meta":{"site-sidebar-layout":"default","site-content-layout":"default","ast-site-content-layout":"","site-content-style":"default","site-sidebar-style":"default","ast-global-header-display":"","ast-banner-title-visibility":"","ast-main-header-display":"","ast-hfb-above-header-display":"","ast-hfb-below-header-display":"","ast-hfb-mobile-header-display":"","site-post-title":"","ast-breadcrumbs-content":"","ast-featured-img":"","footer-sml-layout":"","theme-transparent-header-meta":"default","adv-header-id-meta":"","stick-header-meta":"","header-above-stick-meta":"","header-main-stick-meta":"","header-below-stick-meta":"","astra-migrate-meta-layouts":"default","ast-page-background-enabled":"default","ast-page-background-meta":{"desktop":{"background-color":"var(--ast-global-color-4)","background-image":"","background-repeat":"repeat","background-position":"center center","background-size":"auto","background-attachment":"scroll","background-type":"","background-media":"","overlay-type":"","overlay-color":"","overlay-opacity":"","overlay-gradient":""},"tablet":{"background-color":"","background-image":"","background-repeat":"repeat","background-position":"center center","background-size":"auto","background-attachment":"scroll","background-type":"","background-media":"","overlay-type":"","overlay-color":"","overlay-opacity":"","overlay-gradient":""},"mobile":{"background-color":"","background-image":"","background-repeat":"repeat","background-position":"center center","background-size":"auto","background-attachment":"scroll","background-type":"","background-media":"","overlay-type":"","overlay-color":"","overlay-opacity":"","overlay-gradient":""}},"ast-content-background-meta":{"desktop":{"background-color":"var(--ast-global-color-5)","background-image":"","background-repeat":"repeat","background-position":"center center","background-size":"auto","background-attachment":"scroll","background-type":"","background-media":"","overlay-type":"","overlay-color":"","overlay-opacity":"","overlay-gradient":""},"tablet":{"background-color":"var(--ast-global-color-5)","background-image":"","background-repeat":"repeat","background-position":"center center","background-size":"auto","background-attachment":"scroll","background-type":"","background-media":"","overlay-type":"","overlay-color":"","overlay-opacity":"","overlay-gradient":""},"mobile":{"background-color":"var(--ast-global-color-5)","background-image":"","background-repeat":"repeat","background-position":"center center","background-size":"auto","background-attachment":"scroll","background-type":"","background-media":"","overlay-type":"","overlay-color":"","overlay-opacity":"","overlay-gradient":""}},"footnotes":""},"class_list":["post-9351","page","type-page","status-publish","hentry"],"yoast_head":"<!-- This site is optimized with the Yoast SEO plugin v25.0 - https:\/\/yoast.com\/wordpress\/plugins\/seo\/ -->\n<title>Cookies policy | Trans-Nomad - The best blind backcountry race in the Pyrenees<\/title>\n<meta name=\"robots\" content=\"noindex, follow\" \/>\n<meta property=\"og:locale\" content=\"en_US\" \/>\n<meta property=\"og:type\" content=\"article\" \/>\n<meta property=\"og:title\" content=\"Cookies policy | Trans-Nomad - The best blind backcountry race in the Pyrenees\" \/>\n<meta property=\"og:description\" content=\"En cumplimiento con lo establecido en la Ley 34\/2002 de 11 de Julio, de Servicios de la Sociedad de la Informaci\u00f3n y el Comercio Electr\u00f3nico (LSSICE), se informa de los siguientes aspectos legales: PROPIEDAD DEL SITIO WEB Responsable: TRANS-NOMAD, S.L. &#8211; NIF\/DNI B94148897 &#8211; TRANS-NOMAD Direcci\u00f3n: Plaza Unidad Nacional, 7 &#8211; PISO 7 B. 22001, [&hellip;]\" \/>\n<meta property=\"og:url\" content=\"https:\/\/trans-nomad.com\/en\/cookies-policy\/\" \/>\n<meta property=\"og:site_name\" content=\"Trans-Nomad - The best blind backcountry race in the Pyrenees\" \/>\n<meta property=\"article:publisher\" content=\"https:\/\/www.facebook.com\/TransNomadBaseCamp\/\" \/>\n<meta property=\"article:modified_time\" content=\"2020-03-11T18:38:40+00:00\" \/>\n<meta property=\"og:image\" content=\"https:\/\/trans-nomad.com\/wp-content\/uploads\/2020\/02\/logo-trans-nomad-orbea.png\" \/>\n\t<meta property=\"og:image:width\" content=\"160\" \/>\n\t<meta property=\"og:image:height\" content=\"90\" \/>\n\t<meta property=\"og:image:type\" content=\"image\/png\" \/>\n<meta name=\"twitter:card\" content=\"summary_large_image\" \/>\n<meta name=\"twitter:label1\" content=\"Est. reading time\" \/>\n\t<meta name=\"twitter:data1\" content=\"8 minutes\" \/>\n<script type=\"application\/ld+json\" class=\"yoast-schema-graph\">{\"@context\":\"https:\/\/schema.org\",\"@graph\":[{\"@type\":\"WebPage\",\"@id\":\"https:\/\/trans-nomad.com\/en\/cookies-policy\/\",\"url\":\"https:\/\/trans-nomad.com\/en\/cookies-policy\/\",\"name\":\"Cookies policy | Trans-Nomad - The best blind backcountry race in the Pyrenees\",\"isPartOf\":{\"@id\":\"https:\/\/trans-nomad.com\/en\/#website\"},\"datePublished\":\"2020-03-10T12:43:36+00:00\",\"dateModified\":\"2020-03-11T18:38:40+00:00\",\"breadcrumb\":{\"@id\":\"https:\/\/trans-nomad.com\/en\/cookies-policy\/#breadcrumb\"},\"inLanguage\":\"en-US\",\"potentialAction\":[{\"@type\":\"ReadAction\",\"target\":[\"https:\/\/trans-nomad.com\/en\/cookies-policy\/\"]}]},{\"@type\":\"BreadcrumbList\",\"@id\":\"https:\/\/trans-nomad.com\/en\/cookies-policy\/#breadcrumb\",\"itemListElement\":[{\"@type\":\"ListItem\",\"position\":1,\"name\":\"Portada\",\"item\":\"https:\/\/trans-nomad.com\/en\/\"},{\"@type\":\"ListItem\",\"position\":2,\"name\":\"Cookies policy\"}]},{\"@type\":\"WebSite\",\"@id\":\"https:\/\/trans-nomad.com\/en\/#website\",\"url\":\"https:\/\/trans-nomad.com\/en\/\",\"name\":\"Trans-Nomad I 2025. The best blind backcountry race in the Pyrenees\",\"description\":\"Trans-Nomad. La mejor aventura y competici\u00f3n por etapas a vista de backcountry enduro en los Pirineos\",\"publisher\":{\"@id\":\"https:\/\/trans-nomad.com\/en\/#organization\"},\"potentialAction\":[{\"@type\":\"SearchAction\",\"target\":{\"@type\":\"EntryPoint\",\"urlTemplate\":\"https:\/\/trans-nomad.com\/en\/?s={search_term_string}\"},\"query-input\":{\"@type\":\"PropertyValueSpecification\",\"valueRequired\":true,\"valueName\":\"search_term_string\"}}],\"inLanguage\":\"en-US\"},{\"@type\":\"Organization\",\"@id\":\"https:\/\/trans-nomad.com\/en\/#organization\",\"name\":\"Trans-Nomad\",\"url\":\"https:\/\/trans-nomad.com\/en\/\",\"logo\":{\"@type\":\"ImageObject\",\"inLanguage\":\"en-US\",\"@id\":\"https:\/\/trans-nomad.com\/en\/#\/schema\/logo\/image\/\",\"url\":\"https:\/\/trans-nomad.com\/wp-content\/uploads\/2020\/02\/logo-trans-nomad-orbea.png\",\"contentUrl\":\"https:\/\/trans-nomad.com\/wp-content\/uploads\/2020\/02\/logo-trans-nomad-orbea.png\",\"width\":160,\"height\":90,\"caption\":\"Trans-Nomad\"},\"image\":{\"@id\":\"https:\/\/trans-nomad.com\/en\/#\/schema\/logo\/image\/\"},\"sameAs\":[\"https:\/\/www.facebook.com\/TransNomadBaseCamp\/\",\"https:\/\/www.instagram.com\/transnomad\/\",\"https:\/\/www.youtube.com\/channel\/UC-RDOWWyDat6MulwPOtKYmQ\"]}]}<\/script>\n<!-- \/ Yoast SEO plugin. -->","yoast_head_json":{"title":"Cookies policy | Trans-Nomad - The best blind backcountry race in the Pyrenees","robots":{"index":"noindex","follow":"follow"},"og_locale":"en_US","og_type":"article","og_title":"Cookies policy | Trans-Nomad - The best blind backcountry race in the Pyrenees","og_description":"En cumplimiento con lo establecido en la Ley 34\/2002 de 11 de Julio, de Servicios de la Sociedad de la Informaci\u00f3n y el Comercio Electr\u00f3nico (LSSICE), se informa de los siguientes aspectos legales: PROPIEDAD DEL SITIO WEB Responsable: TRANS-NOMAD, S.L. &#8211; NIF\/DNI B94148897 &#8211; TRANS-NOMAD Direcci\u00f3n: Plaza Unidad Nacional, 7 &#8211; PISO 7 B. 22001, [&hellip;]","og_url":"https:\/\/trans-nomad.com\/en\/cookies-policy\/","og_site_name":"Trans-Nomad - The best blind backcountry race in the Pyrenees","article_publisher":"https:\/\/www.facebook.com\/TransNomadBaseCamp\/","article_modified_time":"2020-03-11T18:38:40+00:00","og_image":[{"width":160,"height":90,"url":"https:\/\/trans-nomad.com\/wp-content\/uploads\/2020\/02\/logo-trans-nomad-orbea.png","type":"image\/png"}],"twitter_card":"summary_large_image","twitter_misc":{"Est. reading time":"8 minutes"},"schema":{"@context":"https:\/\/schema.org","@graph":[{"@type":"WebPage","@id":"https:\/\/trans-nomad.com\/en\/cookies-policy\/","url":"https:\/\/trans-nomad.com\/en\/cookies-policy\/","name":"Cookies policy | Trans-Nomad - The best blind backcountry race in the Pyrenees","isPartOf":{"@id":"https:\/\/trans-nomad.com\/en\/#website"},"datePublished":"2020-03-10T12:43:36+00:00","dateModified":"2020-03-11T18:38:40+00:00","breadcrumb":{"@id":"https:\/\/trans-nomad.com\/en\/cookies-policy\/#breadcrumb"},"inLanguage":"en-US","potentialAction":[{"@type":"ReadAction","target":["https:\/\/trans-nomad.com\/en\/cookies-policy\/"]}]},{"@type":"BreadcrumbList","@id":"https:\/\/trans-nomad.com\/en\/cookies-policy\/#breadcrumb","itemListElement":[{"@type":"ListItem","position":1,"name":"Portada","item":"https:\/\/trans-nomad.com\/en\/"},{"@type":"ListItem","position":2,"name":"Cookies policy"}]},{"@type":"WebSite","@id":"https:\/\/trans-nomad.com\/en\/#website","url":"https:\/\/trans-nomad.com\/en\/","name":"Trans-Nomad I 2025. The best blind backcountry race in the Pyrenees","description":"Trans-Nomad. La mejor aventura y competici\u00f3n por etapas a vista de backcountry enduro en los Pirineos","publisher":{"@id":"https:\/\/trans-nomad.com\/en\/#organization"},"potentialAction":[{"@type":"SearchAction","target":{"@type":"EntryPoint","urlTemplate":"https:\/\/trans-nomad.com\/en\/?s={search_term_string}"},"query-input":{"@type":"PropertyValueSpecification","valueRequired":true,"valueName":"search_term_string"}}],"inLanguage":"en-US"},{"@type":"Organization","@id":"https:\/\/trans-nomad.com\/en\/#organization","name":"Trans-Nomad","url":"https:\/\/trans-nomad.com\/en\/","logo":{"@type":"ImageObject","inLanguage":"en-US","@id":"https:\/\/trans-nomad.com\/en\/#\/schema\/logo\/image\/","url":"https:\/\/trans-nomad.com\/wp-content\/uploads\/2020\/02\/logo-trans-nomad-orbea.png","contentUrl":"https:\/\/trans-nomad.com\/wp-content\/uploads\/2020\/02\/logo-trans-nomad-orbea.png","width":160,"height":90,"caption":"Trans-Nomad"},"image":{"@id":"https:\/\/trans-nomad.com\/en\/#\/schema\/logo\/image\/"},"sameAs":["https:\/\/www.facebook.com\/TransNomadBaseCamp\/","https:\/\/www.instagram.com\/transnomad\/","https:\/\/www.youtube.com\/channel\/UC-RDOWWyDat6MulwPOtKYmQ"]}]}},"_links":{"self":[{"href":"https:\/\/trans-nomad.com\/en\/wp-json\/wp\/v2\/pages\/9351","targetHints":{"allow":["GET"]}}],"collection":[{"href":"https:\/\/trans-nomad.com\/en\/wp-json\/wp\/v2\/pages"}],"about":[{"href":"https:\/\/trans-nomad.com\/en\/wp-json\/wp\/v2\/types\/page"}],"author":[{"embeddable":true,"href":"https:\/\/trans-nomad.com\/en\/wp-json\/wp\/v2\/users\/1"}],"replies":[{"embeddable":true,"href":"https:\/\/trans-nomad.com\/en\/wp-json\/wp\/v2\/comments?post=9351"}],"version-history":[{"count":2,"href":"https:\/\/trans-nomad.com\/en\/wp-json\/wp\/v2\/pages\/9351\/revisions"}],"predecessor-version":[{"id":9543,"href":"https:\/\/trans-nomad.com\/en\/wp-json\/wp\/v2\/pages\/9351\/revisions\/9543"}],"wp:attachment":[{"href":"https:\/\/trans-nomad.com\/en\/wp-json\/wp\/v2\/media?parent=9351"}],"curies":[{"name":"wp","href":"https:\/\/api.w.org\/{rel}","templated":true}]}}