{"id":9346,"date":"2020-03-10T13:41:37","date_gmt":"2020-03-10T12:41:37","guid":{"rendered":"https:\/\/trans-nomad.com\/?page_id=9346"},"modified":"2020-03-11T19:40:19","modified_gmt":"2020-03-11T18:40:19","slug":"legal-notice","status":"publish","type":"page","link":"https:\/\/trans-nomad.com\/en\/legal-notice\/","title":{"rendered":"Legal notice"},"content":{"rendered":"<p>En cumplimiento con lo establecido en la Ley 34\/2002 de 11 de Julio, de Servicios de la Sociedad de la Informaci\u00f3n y el Comercio Electr\u00f3nico (LSSICE), se informa de los siguientes aspectos legales:<\/p><h3 class=\"wp-block-heading\">PROPIEDAD DEL SITIO WEB<\/h3><ul class=\"wp-block-list\">\r\n<li>Titular del Website: TRANS-NOMAD, S.L. &#8211; NIF\/DNI B94148897 &#8211; TRANS-NOMAD<\/li>\r\n<li>Direcci\u00f3n: Plaza Unidad Nacional, 7 &#8211; PISO 7 B. 22001, Huesca (Huesca), Espa\u00f1a<\/li>\r\n<li>Contacto: Tel. 638224760 &#8211; Email: <a href=\"mailto:info@trans-nomad.com\">info@trans-nomad.com<\/a><\/li>\r\n<li>Registro mercantil o autorizaci\u00f3n administrativa: Inscrita en el Registro Mercantil de Huesca, Tomo 671, Libro 0, Folio 108, Hoja HU-13937, INSCRIP. 2<\/li>\r\n<li>Actividad: Organizaci\u00f3n de eventos<\/li>\r\n<\/ul><h2 class=\"wp-block-heading\">CONDICIONES GENERALES DE USO<\/h2><p>El portal web <a href=\"https:\/\/trans-nomad.com\/\">https:\/\/trans-nomad.com\/<\/a> tiene como objeto facilitar al p\u00fablico, en general, el conocimiento de las actividades que esta organizaci\u00f3n realiza y de los productos y servicios que presta, para el desarrollo de su actividad.<\/p><p>El uso de cualquiera de las funcionalidades del sitio Web implica la expresa y plena aceptaci\u00f3n de las condiciones aqu\u00ed expuestas, sin perjuicio de aquellas particulares que pudieran aplicarse a algunos de los servicios concretos ofrecidos a trav\u00e9s del sitio Web.<\/p><p>El titular del sitio Web se reserva la facultad de efectuar, en cualquier momento y sin necesidad de previo aviso, modificaciones y actualizaciones de la informaci\u00f3n contenida en su Web o en la configuraci\u00f3n y presentaci\u00f3n de \u00e9sta.<\/p><p>Con el objeto de mantener actualizada la informaci\u00f3n publicada el portal Web, los contenidos del mismo podr\u00e1n ser modificados, corregidos, eliminados o a\u00f1adidos en cualquier momento, por lo que ser\u00e1 conveniente comprobar la vigencia o exactitud de los mismos acudiendo a las fuentes oficiales.<\/p><h3 class=\"wp-block-heading\">PROPIEDAD INTELECTUAL, INDUSTRIAL Y FRAMES<\/h3><p>Todos los elementos que forman el sitio Web, as\u00ed como su estructura, dise\u00f1o, c\u00f3digo fuente, as\u00ed como los logos, marcas y dem\u00e1s signos distintivos que aparecen en la misma, son titularidad de TRANS-NOMAD, S.L., TRANS-NOMAD o de sus colaboradores y est\u00e1n protegidos por los correspondientes derechos de propiedad intelectual e industrial.<\/p><p>Igualmente est\u00e1n protegidos por los correspondientes derechos de propiedad intelectual e industrial las im\u00e1genes y otros elementos gr\u00e1ficos contenidos en el sitio Web.<\/p><p>El titular del sitio Web proh\u00edbe expresamente la realizaci\u00f3n de &#8220;framing&#8221; o la utilizaci\u00f3n por parte de terceros de cualesquiera otros mecanismos que alteren el dise\u00f1o, configuraci\u00f3n original o contenidos de nuestro sitio Web.<\/p><p>El uso de los contenidos deber\u00e1 respetar su licenciamiento particular. De tal modo su uso, reproducci\u00f3n, distribuci\u00f3n, comunicaci\u00f3n p\u00fablica, transformaci\u00f3n o cualquier otra actividad similar o an\u00e1loga, queda totalmente prohibida salvo que medie previa y expresa autorizaci\u00f3n del titular del sitio Web TRANS-NOMAD.<\/p><p>\u00danicamente se autoriza la reproducci\u00f3n total o parcial de los textos y contenidos proporcionados por el sitio Web, siempre que concurran todas y cada una de las siguientes condiciones:<\/p><ul class=\"wp-block-list\">\r\n<li>Se mantenga la integridad de los contenidos, documentos o gr\u00e1ficos.<\/li>\r\n<li>Se cite expresamente al titular del sitio Web como fuente y origen de aquellos.<\/li>\r\n<li>El prop\u00f3sito y la finalidad de tal uso sea compatible con los fines de la Web y\/o actividad del titular del sitio Web.<\/li>\r\n<li>No se pretenda un uso comercial, quedando expresamente prohibidas su distribuci\u00f3n, comunicaci\u00f3n p\u00fablica, transformaci\u00f3n o descompilaci\u00f3.<\/li>\r\n<\/ul><p>Cualquier otro uso habr\u00e1 de ser comunicado y autorizado por el titular del sitio Web, previa y expresamente.<\/p><p>Respecto a las citas de productos y servicios de terceros, el titular del sitio Web reconoce a favor de sus titulares los correspondientes derechos de propiedad industrial e intelectual, no implicando su sola menci\u00f3n o aparici\u00f3n en la Web la existencia de derechos ni de responsabilidad alguna sobre los mismos, como tampoco respaldo, patrocinio o recomendaci\u00f3n.<\/p><p>El titular del sitio Web declara su respeto a los derechos de propiedad intelectual e industrial de terceros; por ello, si considera que nuestro sitio Web pudieran estar violando sus derechos, rogamos se ponga en contacto con el titular del sitio Web.<\/p><h3 class=\"wp-block-heading\">RESPONSABILIDAD<\/h3><p>El titular del sitio Web no garantiza la inexistencia de errores en el acceso a la Web, en su contenido, ni que \u00e9ste se encuentre actualizado, aunque el titular del sitio Web desarrollar\u00e1 sus mejores esfuerzos para, en su caso, evitarlos, subsanarlos o actualizarlos.<\/p><p>Tanto el acceso al sitio Web, como el uso que pueda hacerse de la informaci\u00f3n contenida en los mismos es de la exclusiva responsabilidad de quien lo realiza.<\/p><p>El titular del sitio Web no se hace responsable de la informaci\u00f3n y contenidos almacenados, a t\u00edtulo enunciativo pero no limitativo, en foros, chats, blogs, comentarios, redes sociales o cualesquiera otro medio que permita a terceros publicar contenidos de la forma independiente en la p\u00e1gina Web <a href=\"http:\/\/www.trans-nomad.com\">https:\/\/trans-nomad.com\/<\/a>.<\/p><p>No obstante, y en cumplimiento de lo dispuesto en la LSSI, el titular del sitio Web se pone a disposici\u00f3n de todos los usuarios, autoridades y fuerzas de seguridad, y colaborando de forma activa en la retirada o en su caso bloqueo de todos aquellos contenidos que pudieran afectar o contravenir la legislaci\u00f3n nacional, o internacional, derechos de terceros o la moral y el orden p\u00fablico. En caso de que el usuario considere que existe en el sitio web alg\u00fan contenido que pudiera ser susceptible de esta clasi????caci\u00f3n, rogamos se ponga en contacto con el titular del sitio Web.<\/p><p>El titular del sitio Web no se responsabiliza de las contestaciones que se realicen a trav\u00e9s de las distintas direcciones de correo electr\u00f3nico que aparecen en su sitio Web, por lo que en ning\u00fan caso podr\u00e1 derivarse efecto jur\u00eddico vinculante de las mismas.<\/p><h3 class=\"wp-block-heading\">LINKS O HIPERENLACES<\/h3><p>Los enlaces contenidos en nuestro sitio Web pueden dirigir a contenidos Web de tercero. El objetivo de dichos enlaces es \u00fanicamente facilitarle la b\u00fasqueda de los recursos que le puedan interesar a trav\u00e9s de Internet. No obstante, dichas p\u00e1ginas no pertenecen al titular del sitio Web, ni hace una revisi\u00f3n de sus contenidos y, por ello, el titular del sitio Web no asume ninguna responsabilidad por el contenido, informaciones o servicios que pudieran aparecer en dichos sitios, que tendr\u00e1n exclusivamente car\u00e1cter informativo y que en ning\u00fan caso implican relaci\u00f3n alguna entre el titular del sitio Web y las personas o entidades titulares de tales contenidos o titulares de otros sitios donde se encuentren. El titular del sitio Web tampoco puede hacerse responsable del funcionamiento de la p\u00e1gina enlazada o de los posibles da\u00f1os que puedan derivarse del acceso o uso de la misma.<\/p><p>Los enlaces al sitio Web <a href=\"https:\/\/trans-nomad.com\/\">https:\/\/trans-nomad.com\/<\/a> deber\u00e1n respetar las siguientes condiciones:<\/p><p>El establecimiento del enlace no supondr\u00e1 ning\u00fan tipo de acuerdo, contrato, patrocinio ni recomendaci\u00f3n por parte de TRANSNOMAD, S.L. de la p\u00e1gina que realiza el enlace.<\/p><p>La p\u00e1gina Web en la que se establezca el hiperenlace no contendr\u00e1 informaciones con contenidos que sean il\u00edcitos, discriminatorios, contrarios a los principios \u00e9ticos com\u00fanmente aceptados o atenten contra el orden p\u00fablco, as\u00ed como tampoco contendr\u00e1 contenidos contrarios a cualesquiera derechos de terceros.<\/p><p>El titular del sitio Web podr\u00e1 solicitar que se retire un enlace a su Web, sin necesidad de alegar causa alguna. En tal caso, la p\u00e1gina que haya realizado el enlace deber\u00e1 proceder a su inmediata supresi\u00f3n, tan pronto como reciba la notificaci\u00f3n del titular del sitio Web.<\/p><p>No se responsabiliza de modo alguno ni garantiza la claridad, exactitud, fiabilidad, correcci\u00f3n o moralidad de contenidos o servicios que el establecimiento del hiperenlace pueda ofrecer. El usuario asume bajo su exclusiva responsabilidad las consecuencias, da\u00f1os o acciones que pudieran derivarse del acceso a la p\u00e1gina Web del hiperenlace.<\/p><p>La p\u00e1gina Web en la que se establezca el hiperenlace no podr\u00e1 contener marca, denominaci\u00f3n, logotipo, eslogan u otros signos distintivos pertenecientes a el titular del sitio Web excepto aquellos signos que formen parte del mismo hiperenlace.<\/p><h3 class=\"wp-block-heading\">PROTECCI\u00d3N DE DATOS PERSONALES<\/h3><p>Para aquellos casos que se recaben, traten o almacenen datos personales, se har\u00e1 en conformidad con la Pol\u00edtica de Privacidad publicada en el Website y que puede consultar en el pie o footer del sitio Web.<\/p><h3 class=\"wp-block-heading\">LEY APLICABLE Y JURISDICCI\u00d3N<\/h3><p>La ley aplicable en caso de disputa o conflicto de interpretaci\u00f3n de los t\u00e9rminos que conforman este Aviso Legal, as\u00ed como cualquier cuesti\u00f3n relacionada con los servicios del presente Portal, ser\u00e1 la ley espa\u00f1ola.<\/p><p>Para la resoluci\u00f3n de cualquier conflicto que pueda surgir con ocasi\u00f3n de la visita al sitio Web o del uso de los servicios que en \u00e9l se puedan ofertar, el titular del sitio Web y el Usuario acuerdan someterse a los Jueces y Tribunales de domicilio del Usuario, siempre que el mismo est\u00e9 situado en territorio espa\u00f1ol y act\u00fae en condici\u00f3n de consumidor. En caso contrario, la sumisi\u00f3n ser\u00e1 a los juzgados y tribunales de la ciudad de Huesca, Espa\u00f1a. <br \/><br \/><\/p>","protected":false},"excerpt":{"rendered":"<p>En cumplimiento con lo establecido en la Ley 34\/2002 de 11 de Julio, de Servicios de la Sociedad de la Informaci\u00f3n y el Comercio Electr\u00f3nico (LSSICE), se informa de los siguientes aspectos legales: PROPIEDAD DEL SITIO WEB Titular del Website: TRANS-NOMAD, S.L. &#8211; NIF\/DNI B94148897 &#8211; TRANS-NOMAD Direcci\u00f3n: Plaza Unidad Nacional, 7 &#8211; PISO 7 [&hellip;]<\/p>\n","protected":false},"author":1,"featured_media":0,"parent":0,"menu_order":0,"comment_status":"closed","ping_status":"closed","template":"","meta":{"site-sidebar-layout":"default","site-content-layout":"plain-container","ast-site-content-layout":"","site-content-style":"default","site-sidebar-style":"default","ast-global-header-display":"","ast-banner-title-visibility":"","ast-main-header-display":"","ast-hfb-above-header-display":"","ast-hfb-below-header-display":"","ast-hfb-mobile-header-display":"","site-post-title":"","ast-breadcrumbs-content":"","ast-featured-img":"disabled","footer-sml-layout":"","theme-transparent-header-meta":"default","adv-header-id-meta":"","stick-header-meta":"","header-above-stick-meta":"","header-main-stick-meta":"","header-below-stick-meta":"","astra-migrate-meta-layouts":"default","ast-page-background-enabled":"default","ast-page-background-meta":{"desktop":{"background-color":"var(--ast-global-color-4)","background-image":"","background-repeat":"repeat","background-position":"center center","background-size":"auto","background-attachment":"scroll","background-type":"","background-media":"","overlay-type":"","overlay-color":"","overlay-opacity":"","overlay-gradient":""},"tablet":{"background-color":"","background-image":"","background-repeat":"repeat","background-position":"center center","background-size":"auto","background-attachment":"scroll","background-type":"","background-media":"","overlay-type":"","overlay-color":"","overlay-opacity":"","overlay-gradient":""},"mobile":{"background-color":"","background-image":"","background-repeat":"repeat","background-position":"center center","background-size":"auto","background-attachment":"scroll","background-type":"","background-media":"","overlay-type":"","overlay-color":"","overlay-opacity":"","overlay-gradient":""}},"ast-content-background-meta":{"desktop":{"background-color":"var(--ast-global-color-5)","background-image":"","background-repeat":"repeat","background-position":"center center","background-size":"auto","background-attachment":"scroll","background-type":"","background-media":"","overlay-type":"","overlay-color":"","overlay-opacity":"","overlay-gradient":""},"tablet":{"background-color":"var(--ast-global-color-5)","background-image":"","background-repeat":"repeat","background-position":"center center","background-size":"auto","background-attachment":"scroll","background-type":"","background-media":"","overlay-type":"","overlay-color":"","overlay-opacity":"","overlay-gradient":""},"mobile":{"background-color":"var(--ast-global-color-5)","background-image":"","background-repeat":"repeat","background-position":"center center","background-size":"auto","background-attachment":"scroll","background-type":"","background-media":"","overlay-type":"","overlay-color":"","overlay-opacity":"","overlay-gradient":""}},"footnotes":""},"class_list":["post-9346","page","type-page","status-publish","hentry"],"yoast_head":"<!-- This site is optimized with the Yoast SEO plugin v25.0 - https:\/\/yoast.com\/wordpress\/plugins\/seo\/ -->\n<title>Legal notice | Trans-Nomad - The best blind backcountry race in the Pyrenees<\/title>\n<meta name=\"robots\" content=\"noindex, follow\" \/>\n<meta property=\"og:locale\" content=\"en_US\" \/>\n<meta property=\"og:type\" content=\"article\" \/>\n<meta property=\"og:title\" content=\"Legal notice | Trans-Nomad - The best blind backcountry race in the Pyrenees\" \/>\n<meta property=\"og:description\" content=\"En cumplimiento con lo establecido en la Ley 34\/2002 de 11 de Julio, de Servicios de la Sociedad de la Informaci\u00f3n y el Comercio Electr\u00f3nico (LSSICE), se informa de los siguientes aspectos legales: PROPIEDAD DEL SITIO WEB Titular del Website: TRANS-NOMAD, S.L. &#8211; NIF\/DNI B94148897 &#8211; TRANS-NOMAD Direcci\u00f3n: Plaza Unidad Nacional, 7 &#8211; PISO 7 [&hellip;]\" \/>\n<meta property=\"og:url\" content=\"https:\/\/trans-nomad.com\/en\/legal-notice\/\" \/>\n<meta property=\"og:site_name\" content=\"Trans-Nomad - The best blind backcountry race in the Pyrenees\" \/>\n<meta property=\"article:publisher\" content=\"https:\/\/www.facebook.com\/TransNomadBaseCamp\/\" \/>\n<meta property=\"article:modified_time\" content=\"2020-03-11T18:40:19+00:00\" \/>\n<meta property=\"og:image\" content=\"https:\/\/trans-nomad.com\/wp-content\/uploads\/2020\/02\/logo-trans-nomad-orbea.png\" \/>\n\t<meta property=\"og:image:width\" content=\"160\" \/>\n\t<meta property=\"og:image:height\" content=\"90\" \/>\n\t<meta property=\"og:image:type\" content=\"image\/png\" \/>\n<meta name=\"twitter:card\" content=\"summary_large_image\" \/>\n<meta name=\"twitter:label1\" content=\"Est. reading time\" \/>\n\t<meta name=\"twitter:data1\" content=\"8 minutes\" \/>\n<script type=\"application\/ld+json\" class=\"yoast-schema-graph\">{\"@context\":\"https:\/\/schema.org\",\"@graph\":[{\"@type\":\"WebPage\",\"@id\":\"https:\/\/trans-nomad.com\/en\/legal-notice\/\",\"url\":\"https:\/\/trans-nomad.com\/en\/legal-notice\/\",\"name\":\"Legal notice | Trans-Nomad - The best blind backcountry race in the Pyrenees\",\"isPartOf\":{\"@id\":\"https:\/\/trans-nomad.com\/en\/#website\"},\"datePublished\":\"2020-03-10T12:41:37+00:00\",\"dateModified\":\"2020-03-11T18:40:19+00:00\",\"breadcrumb\":{\"@id\":\"https:\/\/trans-nomad.com\/en\/legal-notice\/#breadcrumb\"},\"inLanguage\":\"en-US\",\"potentialAction\":[{\"@type\":\"ReadAction\",\"target\":[\"https:\/\/trans-nomad.com\/en\/legal-notice\/\"]}]},{\"@type\":\"BreadcrumbList\",\"@id\":\"https:\/\/trans-nomad.com\/en\/legal-notice\/#breadcrumb\",\"itemListElement\":[{\"@type\":\"ListItem\",\"position\":1,\"name\":\"Portada\",\"item\":\"https:\/\/trans-nomad.com\/en\/\"},{\"@type\":\"ListItem\",\"position\":2,\"name\":\"Legal notice\"}]},{\"@type\":\"WebSite\",\"@id\":\"https:\/\/trans-nomad.com\/en\/#website\",\"url\":\"https:\/\/trans-nomad.com\/en\/\",\"name\":\"Trans-Nomad I 2025. The best blind backcountry race in the Pyrenees\",\"description\":\"Trans-Nomad. La mejor aventura y competici\u00f3n por etapas a vista de backcountry enduro en los Pirineos\",\"publisher\":{\"@id\":\"https:\/\/trans-nomad.com\/en\/#organization\"},\"potentialAction\":[{\"@type\":\"SearchAction\",\"target\":{\"@type\":\"EntryPoint\",\"urlTemplate\":\"https:\/\/trans-nomad.com\/en\/?s={search_term_string}\"},\"query-input\":{\"@type\":\"PropertyValueSpecification\",\"valueRequired\":true,\"valueName\":\"search_term_string\"}}],\"inLanguage\":\"en-US\"},{\"@type\":\"Organization\",\"@id\":\"https:\/\/trans-nomad.com\/en\/#organization\",\"name\":\"Trans-Nomad\",\"url\":\"https:\/\/trans-nomad.com\/en\/\",\"logo\":{\"@type\":\"ImageObject\",\"inLanguage\":\"en-US\",\"@id\":\"https:\/\/trans-nomad.com\/en\/#\/schema\/logo\/image\/\",\"url\":\"https:\/\/trans-nomad.com\/wp-content\/uploads\/2020\/02\/logo-trans-nomad-orbea.png\",\"contentUrl\":\"https:\/\/trans-nomad.com\/wp-content\/uploads\/2020\/02\/logo-trans-nomad-orbea.png\",\"width\":160,\"height\":90,\"caption\":\"Trans-Nomad\"},\"image\":{\"@id\":\"https:\/\/trans-nomad.com\/en\/#\/schema\/logo\/image\/\"},\"sameAs\":[\"https:\/\/www.facebook.com\/TransNomadBaseCamp\/\",\"https:\/\/www.instagram.com\/transnomad\/\",\"https:\/\/www.youtube.com\/channel\/UC-RDOWWyDat6MulwPOtKYmQ\"]}]}<\/script>\n<!-- \/ Yoast SEO plugin. -->","yoast_head_json":{"title":"Legal notice | Trans-Nomad - The best blind backcountry race in the Pyrenees","robots":{"index":"noindex","follow":"follow"},"og_locale":"en_US","og_type":"article","og_title":"Legal notice | Trans-Nomad - The best blind backcountry race in the Pyrenees","og_description":"En cumplimiento con lo establecido en la Ley 34\/2002 de 11 de Julio, de Servicios de la Sociedad de la Informaci\u00f3n y el Comercio Electr\u00f3nico (LSSICE), se informa de los siguientes aspectos legales: PROPIEDAD DEL SITIO WEB Titular del Website: TRANS-NOMAD, S.L. &#8211; NIF\/DNI B94148897 &#8211; TRANS-NOMAD Direcci\u00f3n: Plaza Unidad Nacional, 7 &#8211; PISO 7 [&hellip;]","og_url":"https:\/\/trans-nomad.com\/en\/legal-notice\/","og_site_name":"Trans-Nomad - The best blind backcountry race in the Pyrenees","article_publisher":"https:\/\/www.facebook.com\/TransNomadBaseCamp\/","article_modified_time":"2020-03-11T18:40:19+00:00","og_image":[{"width":160,"height":90,"url":"https:\/\/trans-nomad.com\/wp-content\/uploads\/2020\/02\/logo-trans-nomad-orbea.png","type":"image\/png"}],"twitter_card":"summary_large_image","twitter_misc":{"Est. reading time":"8 minutes"},"schema":{"@context":"https:\/\/schema.org","@graph":[{"@type":"WebPage","@id":"https:\/\/trans-nomad.com\/en\/legal-notice\/","url":"https:\/\/trans-nomad.com\/en\/legal-notice\/","name":"Legal notice | Trans-Nomad - The best blind backcountry race in the Pyrenees","isPartOf":{"@id":"https:\/\/trans-nomad.com\/en\/#website"},"datePublished":"2020-03-10T12:41:37+00:00","dateModified":"2020-03-11T18:40:19+00:00","breadcrumb":{"@id":"https:\/\/trans-nomad.com\/en\/legal-notice\/#breadcrumb"},"inLanguage":"en-US","potentialAction":[{"@type":"ReadAction","target":["https:\/\/trans-nomad.com\/en\/legal-notice\/"]}]},{"@type":"BreadcrumbList","@id":"https:\/\/trans-nomad.com\/en\/legal-notice\/#breadcrumb","itemListElement":[{"@type":"ListItem","position":1,"name":"Portada","item":"https:\/\/trans-nomad.com\/en\/"},{"@type":"ListItem","position":2,"name":"Legal notice"}]},{"@type":"WebSite","@id":"https:\/\/trans-nomad.com\/en\/#website","url":"https:\/\/trans-nomad.com\/en\/","name":"Trans-Nomad I 2025. The best blind backcountry race in the Pyrenees","description":"Trans-Nomad. La mejor aventura y competici\u00f3n por etapas a vista de backcountry enduro en los Pirineos","publisher":{"@id":"https:\/\/trans-nomad.com\/en\/#organization"},"potentialAction":[{"@type":"SearchAction","target":{"@type":"EntryPoint","urlTemplate":"https:\/\/trans-nomad.com\/en\/?s={search_term_string}"},"query-input":{"@type":"PropertyValueSpecification","valueRequired":true,"valueName":"search_term_string"}}],"inLanguage":"en-US"},{"@type":"Organization","@id":"https:\/\/trans-nomad.com\/en\/#organization","name":"Trans-Nomad","url":"https:\/\/trans-nomad.com\/en\/","logo":{"@type":"ImageObject","inLanguage":"en-US","@id":"https:\/\/trans-nomad.com\/en\/#\/schema\/logo\/image\/","url":"https:\/\/trans-nomad.com\/wp-content\/uploads\/2020\/02\/logo-trans-nomad-orbea.png","contentUrl":"https:\/\/trans-nomad.com\/wp-content\/uploads\/2020\/02\/logo-trans-nomad-orbea.png","width":160,"height":90,"caption":"Trans-Nomad"},"image":{"@id":"https:\/\/trans-nomad.com\/en\/#\/schema\/logo\/image\/"},"sameAs":["https:\/\/www.facebook.com\/TransNomadBaseCamp\/","https:\/\/www.instagram.com\/transnomad\/","https:\/\/www.youtube.com\/channel\/UC-RDOWWyDat6MulwPOtKYmQ"]}]}},"_links":{"self":[{"href":"https:\/\/trans-nomad.com\/en\/wp-json\/wp\/v2\/pages\/9346","targetHints":{"allow":["GET"]}}],"collection":[{"href":"https:\/\/trans-nomad.com\/en\/wp-json\/wp\/v2\/pages"}],"about":[{"href":"https:\/\/trans-nomad.com\/en\/wp-json\/wp\/v2\/types\/page"}],"author":[{"embeddable":true,"href":"https:\/\/trans-nomad.com\/en\/wp-json\/wp\/v2\/users\/1"}],"replies":[{"embeddable":true,"href":"https:\/\/trans-nomad.com\/en\/wp-json\/wp\/v2\/comments?post=9346"}],"version-history":[{"count":2,"href":"https:\/\/trans-nomad.com\/en\/wp-json\/wp\/v2\/pages\/9346\/revisions"}],"predecessor-version":[{"id":9546,"href":"https:\/\/trans-nomad.com\/en\/wp-json\/wp\/v2\/pages\/9346\/revisions\/9546"}],"wp:attachment":[{"href":"https:\/\/trans-nomad.com\/en\/wp-json\/wp\/v2\/media?parent=9346"}],"curies":[{"name":"wp","href":"https:\/\/api.w.org\/{rel}","templated":true}]}}